{"id":2787,"date":"2023-11-30T01:10:34","date_gmt":"2023-11-30T01:10:34","guid":{"rendered":"https:\/\/wp-micro-beta.neyber.tech\/my-orders-on-microstore\/"},"modified":"2024-01-04T16:41:19","modified_gmt":"2024-01-04T16:41:19","slug":"my-orders-on-microstore","status":"publish","type":"page","link":"https:\/\/www.microstore.app\/en\/my-orders-on-microstore\/","title":{"rendered":"My orders on MicroStore"},"content":{"rendered":"\t\t<div data-elementor-type=\"wp-page\" data-elementor-id=\"2787\" class=\"elementor elementor-2787 elementor-2365\" data-elementor-post-type=\"page\">\n\t\t\t\t<div class=\"elementor-element elementor-element-54fd3ae e-flex e-con-boxed e-con e-parent\" data-id=\"54fd3ae\" data-element_type=\"container\">\n\t\t\t\t\t<div class=\"e-con-inner\">\n\t\t\t\t<div class=\"elementor-element elementor-element-fdef0ad elementor-widget elementor-widget-heading\" data-id=\"fdef0ad\" data-element_type=\"widget\" data-widget_type=\"heading.default\">\n\t\t\t\t<div class=\"elementor-widget-container\">\n\t\t\t\t\t<h1 class=\"elementor-heading-title elementor-size-default\">How do I manage my orders with the MicroStore application? \n<\/h1>\t\t\t\t<\/div>\n\t\t\t\t<\/div>\n\t\t\t\t\t<\/div>\n\t\t\t\t<\/div>\n\t\t<div class=\"elementor-element elementor-element-321c51d e-flex e-con-boxed e-con e-parent\" data-id=\"321c51d\" data-element_type=\"container\" data-settings=\"{&quot;background_background&quot;:&quot;classic&quot;}\">\n\t\t\t\t\t<div class=\"e-con-inner\">\n\t\t<div class=\"elementor-element elementor-element-093c818 e-con-full e-flex e-con e-child\" data-id=\"093c818\" data-element_type=\"container\" data-settings=\"{&quot;background_background&quot;:&quot;classic&quot;}\">\n\t\t<div class=\"elementor-element elementor-element-8ceadbf e-con-full e-flex e-con e-child\" data-id=\"8ceadbf\" data-element_type=\"container\">\n\t\t\t\t<div class=\"elementor-element elementor-element-22622ca elementor-widget__width-initial elementor-widget elementor-widget-video\" data-id=\"22622ca\" data-element_type=\"widget\" data-settings=\"{&quot;youtube_url&quot;:&quot;https:\\\/\\\/youtu.be\\\/fVzCylOA_GE&quot;,&quot;video_type&quot;:&quot;youtube&quot;,&quot;controls&quot;:&quot;yes&quot;}\" data-widget_type=\"video.default\">\n\t\t\t\t<div class=\"elementor-widget-container\">\n\t\t\t\t\t\t\t<div class=\"elementor-wrapper elementor-open-inline\">\n\t\t\t<div class=\"elementor-video\"><\/div>\t\t<\/div>\n\t\t\t\t\t\t<\/div>\n\t\t\t\t<\/div>\n\t\t\t\t<div class=\"elementor-element elementor-element-9702027 elementor-widget elementor-widget-heading\" data-id=\"9702027\" data-element_type=\"widget\" id=\"link-1\" data-widget_type=\"heading.default\">\n\t\t\t\t<div class=\"elementor-widget-container\">\n\t\t\t\t\t<h2 class=\"elementor-heading-title elementor-size-default\">\ud83d\udcf1 How do I manage my orders with the MicroStore application? <\/h2>\t\t\t\t<\/div>\n\t\t\t\t<\/div>\n\t\t\t\t<div class=\"elementor-element elementor-element-e740b49 elementor-widget__width-initial elementor-widget elementor-widget-text-editor\" data-id=\"e740b49\" data-element_type=\"widget\" data-widget_type=\"text-editor.default\">\n\t\t\t\t<div class=\"elementor-widget-container\">\n\t\t\t\t\t\t\t\t\t<p><span style=\"font-weight: 400;\">In this detailed guide, we&#8217;ll explore how to view and manage your MicroStore orders effectively. Follow these simple steps to stay up-to-date on the status of your orders and take appropriate actions.<\/span><\/p>\n<p><span style=\"text-decoration: underline;\"><b>Step 1: Go to the Orders page<\/b><\/span><\/p>\n<ul>\n<li style=\"font-weight: 400;\" aria-level=\"1\"><span style=\"font-weight: 400;\"><strong>Open the app :<\/strong> Launch the MicroStore application on your device.<\/span><\/li>\n<li style=\"font-weight: 400;\" aria-level=\"1\"><span style=\"font-weight: 400;\"><strong>Options menu :<\/strong> Look for the three horizontal lines usually at the top left of the screen. Click on it to open the menu.<\/span><\/li>\n<li style=\"font-weight: 400;\" aria-level=\"1\"><span style=\"font-weight: 400;\"><strong>Navigate to orders :<\/strong> Select the &#8220;Orders&#8221; option in the menu to access the dedicated page.<\/span><\/li>\n<\/ul>\n<p><span style=\"text-decoration: underline;\"><b>Step 2: Exploring the Order tabs<\/b><\/span><\/p>\n<ul>\n<li style=\"font-weight: 400;\" aria-level=\"1\"><span style=\"font-weight: 400;\"><span style=\"color: #3ab8bc;\"><strong>&#8220;All&#8221; tab :<\/strong><\/span> Here you will find a complete summary of all your MicroStore orders. This is where you can see the global history of your transactions.<\/span><\/li>\n<li style=\"font-weight: 400;\" aria-level=\"1\"><span style=\"font-weight: 400;\"><span style=\"color: #3ab8bc;\"><strong>&#8220;Pending payments&#8221; tab :<\/strong><\/span> If your supplier has activated online payments, this section displays orders requiring payment. Click on &#8220;Pay Now&#8221; to complete the payment.<\/span><\/li>\n<li style=\"font-weight: 400;\" aria-level=\"1\"><span style=\"font-weight: 400;\"><span style=\"color: #3ab8bc;\"><strong>&#8220;Backorders&#8221; tab :<\/strong><\/span> These orders have been placed but have not yet been validated by the wholesaler. Wait for the wholesaler&#8217;s confirmation.<\/span><\/li>\n<li style=\"font-weight: 400;\" aria-level=\"1\"><span style=\"font-weight: 400;\"><span style=\"color: #3ab8bc;\"><strong>&#8220;Orders to be delivered&#8221; tab :<\/strong><\/span> Orders validated by the supplier but not yet delivered are listed here.<\/span><\/li>\n<li style=\"font-weight: 400;\" aria-level=\"1\"><span style=\"font-weight: 400;\"><span style=\"color: #3ab8bc;\"><strong>&#8220;Delivered orders&#8221; tab:<\/strong><\/span> Consult this section to see the orders that have been validated by the supplier and successfully delivered.<\/span><\/li>\n<li style=\"font-weight: 400;\" aria-level=\"1\"><span style=\"font-weight: 400;\"><span style=\"color: #3ab8bc;\"><strong>&#8220;Cancelled orders&#8221; tab:<\/strong><\/span> This section lists the orders that have either been cancelled by you or by the wholesale supplier.<\/span><\/li>\n<\/ul>\n\t\t\t\t\t\t\t\t<\/div>\n\t\t\t\t<\/div>\n\t\t\t\t<div class=\"elementor-element elementor-element-edcec09 e-transform elementor-widget elementor-widget-image\" data-id=\"edcec09\" data-element_type=\"widget\" data-settings=\"{&quot;_transform_scale_effect_hover&quot;:{&quot;unit&quot;:&quot;px&quot;,&quot;size&quot;:1.2,&quot;sizes&quot;:[]},&quot;_transform_scale_effect_hover_tablet&quot;:{&quot;unit&quot;:&quot;px&quot;,&quot;size&quot;:&quot;&quot;,&quot;sizes&quot;:[]},&quot;_transform_scale_effect_hover_mobile&quot;:{&quot;unit&quot;:&quot;px&quot;,&quot;size&quot;:&quot;&quot;,&quot;sizes&quot;:[]}}\" data-widget_type=\"image.default\">\n\t\t\t\t<div class=\"elementor-widget-container\">\n\t\t\t\t\t\t\t\t\t\t\t\t\t\t\t<img fetchpriority=\"high\" decoding=\"async\" width=\"800\" height=\"533\" src=\"https:\/\/www.microstore.app\/wp-content\/uploads\/2023\/12\/GROUPE_Screen-Comment-gerer-mes-commandes-sur-MS-1024x682.png\" class=\"attachment-large size-large wp-image-2539\" alt=\"\" srcset=\"https:\/\/www.microstore.app\/wp-content\/uploads\/2023\/12\/GROUPE_Screen-Comment-gerer-mes-commandes-sur-MS-1024x682.png 1024w, https:\/\/www.microstore.app\/wp-content\/uploads\/2023\/12\/GROUPE_Screen-Comment-gerer-mes-commandes-sur-MS-300x200.png 300w, https:\/\/www.microstore.app\/wp-content\/uploads\/2023\/12\/GROUPE_Screen-Comment-gerer-mes-commandes-sur-MS-768x512.png 768w, https:\/\/www.microstore.app\/wp-content\/uploads\/2023\/12\/GROUPE_Screen-Comment-gerer-mes-commandes-sur-MS-1536x1024.png 1536w, https:\/\/www.microstore.app\/wp-content\/uploads\/2023\/12\/GROUPE_Screen-Comment-gerer-mes-commandes-sur-MS.png 2000w\" sizes=\"(max-width: 800px) 100vw, 800px\" \/>\t\t\t\t\t\t\t\t\t\t\t\t\t\t\t<\/div>\n\t\t\t\t<\/div>\n\t\t\t\t<div class=\"elementor-element elementor-element-ca9a69a elementor-widget__width-initial elementor-widget elementor-widget-text-editor\" data-id=\"ca9a69a\" data-element_type=\"widget\" data-widget_type=\"text-editor.default\">\n\t\t\t\t<div class=\"elementor-widget-container\">\n\t\t\t\t\t\t\t\t\t<h3 style=\"padding-left: 40px;\"><b>\ud83e\udd29 Practical tips :<\/b><\/h3>\n<ul>\n<li style=\"font-weight: 400;\" aria-level=\"1\"><span style=\"font-weight: 400;\"><strong>Check regularly :<\/strong> To stay up to date, get into the habit of checking these tabs regularly.<\/span><\/li>\n<li style=\"font-weight: 400;\" aria-level=\"1\"><span style=\"font-weight: 400;\"><strong>Quick actions:<\/strong> Depending on the status of the order, you can take quick actions such as payment, waiting for confirmation, etc.<\/span><\/li>\n<li style=\"font-weight: 400;\" aria-level=\"1\"><span style=\"font-weight: 400;\"><strong>Contact support:<\/strong> If you have any questions about a specific order, don&#8217;t hesitate to contact MicroStore support.<\/span><\/li>\n<\/ul>\n\t\t\t\t\t\t\t\t<\/div>\n\t\t\t\t<\/div>\n\t\t\t\t<div class=\"elementor-element elementor-element-ded089f elementor-widget__width-initial elementor-widget elementor-widget-text-editor\" data-id=\"ded089f\" data-element_type=\"widget\" data-widget_type=\"text-editor.default\">\n\t\t\t\t<div class=\"elementor-widget-container\">\n\t\t\t\t\t\t\t\t\t<p><span style=\"font-weight: 400;\">\u2705 By following these steps and exploring the various tabs, you&#8217;ll be able to manage your MicroStore orders efficiently, ensuring a seamless and simplified management experience.<\/span><\/p>\n\t\t\t\t\t\t\t\t<\/div>\n\t\t\t\t<\/div>\n\t\t\t\t<\/div>\n\t\t\t\t<\/div>\n\t\t<div class=\"elementor-element elementor-element-aa0a6b9 e-flex e-con-boxed e-con e-child\" data-id=\"aa0a6b9\" data-element_type=\"container\">\n\t\t\t\t\t<div class=\"e-con-inner\">\n\t\t\t\t<div class=\"elementor-element elementor-element-df1db6e elementor-widget elementor-widget-heading\" data-id=\"df1db6e\" data-element_type=\"widget\" data-widget_type=\"heading.default\">\n\t\t\t\t<div class=\"elementor-widget-container\">\n\t\t\t\t\t<h2 class=\"elementor-heading-title elementor-size-default\">Want to go further? \n<\/h2>\t\t\t\t<\/div>\n\t\t\t\t<\/div>\n\t\t<div class=\"elementor-element elementor-element-a29c697 e-flex e-con-boxed e-con e-child\" data-id=\"a29c697\" data-element_type=\"container\">\n\t\t\t\t\t<div class=\"e-con-inner\">\n\t\t<div class=\"elementor-element elementor-element-e5bd553 e-flex e-con-boxed e-con e-child\" data-id=\"e5bd553\" data-element_type=\"container\">\n\t\t\t\t\t<div class=\"e-con-inner\">\n\t\t\t\t<div class=\"elementor-element elementor-element-caa9086 elementor-icon-list--layout-traditional elementor-list-item-link-full_width elementor-widget elementor-widget-icon-list\" data-id=\"caa9086\" data-element_type=\"widget\" data-widget_type=\"icon-list.default\">\n\t\t\t\t<div class=\"elementor-widget-container\">\n\t\t\t\t\t\t\t<ul class=\"elementor-icon-list-items\">\n\t\t\t\t\t\t\t<li class=\"elementor-icon-list-item\">\n\t\t\t\t\t\t\t\t\t\t\t<a href=\"\/trouver-des-fournisseurs\/\">\n\n\t\t\t\t\t\t\t\t\t\t\t\t<span class=\"elementor-icon-list-icon\">\n\t\t\t\t\t\t\t<svg aria-hidden=\"true\" class=\"e-font-icon-svg e-fas-circle\" viewBox=\"0 0 512 512\" xmlns=\"http:\/\/www.w3.org\/2000\/svg\"><path d=\"M256 8C119 8 8 119 8 256s111 248 248 248 248-111 248-248S393 8 256 8z\"><\/path><\/svg>\t\t\t\t\t\t<\/span>\n\t\t\t\t\t\t\t\t\t\t<span class=\"elementor-icon-list-text\">Finding suppliers<\/span>\n\t\t\t\t\t\t\t\t\t\t\t<\/a>\n\t\t\t\t\t\t\t\t\t<\/li>\n\t\t\t\t\t\t\t\t<li class=\"elementor-icon-list-item\">\n\t\t\t\t\t\t\t\t\t\t\t<a href=\"\/mon-compte\/\">\n\n\t\t\t\t\t\t\t\t\t\t\t\t<span class=\"elementor-icon-list-icon\">\n\t\t\t\t\t\t\t<svg aria-hidden=\"true\" class=\"e-font-icon-svg e-fas-circle\" viewBox=\"0 0 512 512\" xmlns=\"http:\/\/www.w3.org\/2000\/svg\"><path d=\"M256 8C119 8 8 119 8 256s111 248 248 248 248-111 248-248S393 8 256 8z\"><\/path><\/svg>\t\t\t\t\t\t<\/span>\n\t\t\t\t\t\t\t\t\t\t<span class=\"elementor-icon-list-text\"> My account<\/span>\n\t\t\t\t\t\t\t\t\t\t\t<\/a>\n\t\t\t\t\t\t\t\t\t<\/li>\n\t\t\t\t\t\t<\/ul>\n\t\t\t\t\t\t<\/div>\n\t\t\t\t<\/div>\n\t\t\t\t\t<\/div>\n\t\t\t\t<\/div>\n\t\t<div class=\"elementor-element elementor-element-ee2dd34 e-flex e-con-boxed e-con e-child\" data-id=\"ee2dd34\" data-element_type=\"container\">\n\t\t\t\t\t<div class=\"e-con-inner\">\n\t\t\t\t<div class=\"elementor-element elementor-element-bd780b3 elementor-icon-list--layout-traditional elementor-list-item-link-full_width elementor-widget elementor-widget-icon-list\" data-id=\"bd780b3\" data-element_type=\"widget\" data-widget_type=\"icon-list.default\">\n\t\t\t\t<div class=\"elementor-widget-container\">\n\t\t\t\t\t\t\t<ul class=\"elementor-icon-list-items\">\n\t\t\t\t\t\t\t<li class=\"elementor-icon-list-item\">\n\t\t\t\t\t\t\t\t\t\t\t<a href=\"\/mes-fournisseurs-de-vetements\/\">\n\n\t\t\t\t\t\t\t\t\t\t\t\t<span class=\"elementor-icon-list-icon\">\n\t\t\t\t\t\t\t<svg aria-hidden=\"true\" class=\"e-font-icon-svg e-fas-circle\" viewBox=\"0 0 512 512\" xmlns=\"http:\/\/www.w3.org\/2000\/svg\"><path d=\"M256 8C119 8 8 119 8 256s111 248 248 248 248-111 248-248S393 8 256 8z\"><\/path><\/svg>\t\t\t\t\t\t<\/span>\n\t\t\t\t\t\t\t\t\t\t<span class=\"elementor-icon-list-text\">My clothing suppliers<\/span>\n\t\t\t\t\t\t\t\t\t\t\t<\/a>\n\t\t\t\t\t\t\t\t\t<\/li>\n\t\t\t\t\t\t\t\t<li class=\"elementor-icon-list-item\">\n\t\t\t\t\t\t\t\t\t\t\t<a href=\"\/mes-discussions\/\">\n\n\t\t\t\t\t\t\t\t\t\t\t\t<span class=\"elementor-icon-list-icon\">\n\t\t\t\t\t\t\t<svg aria-hidden=\"true\" class=\"e-font-icon-svg e-fas-circle\" viewBox=\"0 0 512 512\" xmlns=\"http:\/\/www.w3.org\/2000\/svg\"><path d=\"M256 8C119 8 8 119 8 256s111 248 248 248 248-111 248-248S393 8 256 8z\"><\/path><\/svg>\t\t\t\t\t\t<\/span>\n\t\t\t\t\t\t\t\t\t\t<span class=\"elementor-icon-list-text\">My discussions with the wholesalers<\/span>\n\t\t\t\t\t\t\t\t\t\t\t<\/a>\n\t\t\t\t\t\t\t\t\t<\/li>\n\t\t\t\t\t\t<\/ul>\n\t\t\t\t\t\t<\/div>\n\t\t\t\t<\/div>\n\t\t\t\t\t<\/div>\n\t\t\t\t<\/div>\n\t\t\t\t\t<\/div>\n\t\t\t\t<\/div>\n\t\t\t\t\t<\/div>\n\t\t\t\t<\/div>\n\t\t\t\t\t<\/div>\n\t\t\t\t<\/div>\n\t\t\t\t<\/div>\n\t\t","protected":false},"excerpt":{"rendered":"<p>How do I manage my orders with the MicroStore application? \ud83d\udcf1 How do I manage my orders with the MicroStore application? In this detailed guide, we&#8217;ll explore how to view and manage your MicroStore orders effectively. Follow these simple steps to stay up-to-date on the status of your orders and take appropriate actions. Step 1: [&hellip;]<\/p>\n","protected":false},"author":1,"featured_media":0,"parent":0,"menu_order":0,"comment_status":"closed","ping_status":"closed","template":"","meta":{"footnotes":""},"class_list":["post-2787","page","type-page","status-publish","hentry"],"yoast_head":"<!-- This site is optimized with the Yoast SEO plugin v26.7 - https:\/\/yoast.com\/wordpress\/plugins\/seo\/ -->\n<title>My orders on MicroStore - Microstore -<\/title>\n<meta name=\"robots\" content=\"index, follow, max-snippet:-1, max-image-preview:large, max-video-preview:-1\" \/>\n<link rel=\"canonical\" href=\"https:\/\/www.microstore.app\/en\/my-orders-on-microstore\/\" \/>\n<meta property=\"og:locale\" content=\"en_US\" \/>\n<meta property=\"og:type\" content=\"article\" \/>\n<meta property=\"og:title\" content=\"My orders on MicroStore - Microstore -\" \/>\n<meta property=\"og:description\" content=\"How do I manage my orders with the MicroStore application? \ud83d\udcf1 How do I manage my orders with the MicroStore application? In this detailed guide, we&#8217;ll explore how to view and manage your MicroStore orders effectively. Follow these simple steps to stay up-to-date on the status of your orders and take appropriate actions. Step 1: [&hellip;]\" \/>\n<meta property=\"og:url\" content=\"https:\/\/www.microstore.app\/en\/my-orders-on-microstore\/\" \/>\n<meta property=\"og:site_name\" content=\"Microstore -\" \/>\n<meta property=\"article:modified_time\" content=\"2024-01-04T16:41:19+00:00\" \/>\n<meta property=\"og:image\" content=\"https:\/\/www.microstore.app\/wp-content\/uploads\/2023\/12\/GROUPE_Screen-Comment-gerer-mes-commandes-sur-MS-1024x682.png\" \/>\n<meta name=\"twitter:card\" content=\"summary_large_image\" \/>\n<meta name=\"twitter:label1\" content=\"Est. reading time\" \/>\n\t<meta name=\"twitter:data1\" content=\"2 minutes\" \/>\n<script type=\"application\/ld+json\" class=\"yoast-schema-graph\">{\"@context\":\"https:\/\/schema.org\",\"@graph\":[{\"@type\":\"WebPage\",\"@id\":\"https:\/\/www.microstore.app\/en\/my-orders-on-microstore\/\",\"url\":\"https:\/\/www.microstore.app\/en\/my-orders-on-microstore\/\",\"name\":\"My orders on MicroStore - Microstore -\",\"isPartOf\":{\"@id\":\"https:\/\/www.microstore.app\/en\/#website\"},\"primaryImageOfPage\":{\"@id\":\"https:\/\/www.microstore.app\/en\/my-orders-on-microstore\/#primaryimage\"},\"image\":{\"@id\":\"https:\/\/www.microstore.app\/en\/my-orders-on-microstore\/#primaryimage\"},\"thumbnailUrl\":\"https:\/\/www.microstore.app\/wp-content\/uploads\/2023\/12\/GROUPE_Screen-Comment-gerer-mes-commandes-sur-MS-1024x682.png\",\"datePublished\":\"2023-11-30T01:10:34+00:00\",\"dateModified\":\"2024-01-04T16:41:19+00:00\",\"breadcrumb\":{\"@id\":\"https:\/\/www.microstore.app\/en\/my-orders-on-microstore\/#breadcrumb\"},\"inLanguage\":\"en-US\",\"potentialAction\":[{\"@type\":\"ReadAction\",\"target\":[\"https:\/\/www.microstore.app\/en\/my-orders-on-microstore\/\"]}]},{\"@type\":\"ImageObject\",\"inLanguage\":\"en-US\",\"@id\":\"https:\/\/www.microstore.app\/en\/my-orders-on-microstore\/#primaryimage\",\"url\":\"https:\/\/www.microstore.app\/wp-content\/uploads\/2023\/12\/GROUPE_Screen-Comment-gerer-mes-commandes-sur-MS-1024x682.png\",\"contentUrl\":\"https:\/\/www.microstore.app\/wp-content\/uploads\/2023\/12\/GROUPE_Screen-Comment-gerer-mes-commandes-sur-MS-1024x682.png\"},{\"@type\":\"BreadcrumbList\",\"@id\":\"https:\/\/www.microstore.app\/en\/my-orders-on-microstore\/#breadcrumb\",\"itemListElement\":[{\"@type\":\"ListItem\",\"position\":1,\"name\":\"Home\",\"item\":\"https:\/\/www.microstore.app\/en\/\"},{\"@type\":\"ListItem\",\"position\":2,\"name\":\"My orders on MicroStore\"}]},{\"@type\":\"WebSite\",\"@id\":\"https:\/\/www.microstore.app\/en\/#website\",\"url\":\"https:\/\/www.microstore.app\/en\/\",\"name\":\"Microstore -\",\"description\":\"Meilleurs grossistes de v\u00eatements en ligne : T\u00e9l\u00e9chargez MicroStore.\",\"publisher\":{\"@id\":\"https:\/\/www.microstore.app\/en\/#organization\"},\"potentialAction\":[{\"@type\":\"SearchAction\",\"target\":{\"@type\":\"EntryPoint\",\"urlTemplate\":\"https:\/\/www.microstore.app\/en\/?s={search_term_string}\"},\"query-input\":{\"@type\":\"PropertyValueSpecification\",\"valueRequired\":true,\"valueName\":\"search_term_string\"}}],\"inLanguage\":\"en-US\"},{\"@type\":\"Organization\",\"@id\":\"https:\/\/www.microstore.app\/en\/#organization\",\"name\":\"Microstore -\",\"url\":\"https:\/\/www.microstore.app\/en\/\",\"logo\":{\"@type\":\"ImageObject\",\"inLanguage\":\"en-US\",\"@id\":\"https:\/\/www.microstore.app\/en\/#\/schema\/logo\/image\/\",\"url\":\"https:\/\/www.microstore.app\/wp-content\/uploads\/2023\/10\/microstore.webp\",\"contentUrl\":\"https:\/\/www.microstore.app\/wp-content\/uploads\/2023\/10\/microstore.webp\",\"width\":830,\"height\":118,\"caption\":\"Microstore -\"},\"image\":{\"@id\":\"https:\/\/www.microstore.app\/en\/#\/schema\/logo\/image\/\"}}]}<\/script>\n<!-- \/ Yoast SEO plugin. -->","yoast_head_json":{"title":"My orders on MicroStore - Microstore -","robots":{"index":"index","follow":"follow","max-snippet":"max-snippet:-1","max-image-preview":"max-image-preview:large","max-video-preview":"max-video-preview:-1"},"canonical":"https:\/\/www.microstore.app\/en\/my-orders-on-microstore\/","og_locale":"en_US","og_type":"article","og_title":"My orders on MicroStore - Microstore -","og_description":"How do I manage my orders with the MicroStore application? \ud83d\udcf1 How do I manage my orders with the MicroStore application? In this detailed guide, we&#8217;ll explore how to view and manage your MicroStore orders effectively. Follow these simple steps to stay up-to-date on the status of your orders and take appropriate actions. Step 1: [&hellip;]","og_url":"https:\/\/www.microstore.app\/en\/my-orders-on-microstore\/","og_site_name":"Microstore -","article_modified_time":"2024-01-04T16:41:19+00:00","og_image":[{"url":"https:\/\/www.microstore.app\/wp-content\/uploads\/2023\/12\/GROUPE_Screen-Comment-gerer-mes-commandes-sur-MS-1024x682.png","type":"","width":"","height":""}],"twitter_card":"summary_large_image","twitter_misc":{"Est. reading time":"2 minutes"},"schema":{"@context":"https:\/\/schema.org","@graph":[{"@type":"WebPage","@id":"https:\/\/www.microstore.app\/en\/my-orders-on-microstore\/","url":"https:\/\/www.microstore.app\/en\/my-orders-on-microstore\/","name":"My orders on MicroStore - Microstore -","isPartOf":{"@id":"https:\/\/www.microstore.app\/en\/#website"},"primaryImageOfPage":{"@id":"https:\/\/www.microstore.app\/en\/my-orders-on-microstore\/#primaryimage"},"image":{"@id":"https:\/\/www.microstore.app\/en\/my-orders-on-microstore\/#primaryimage"},"thumbnailUrl":"https:\/\/www.microstore.app\/wp-content\/uploads\/2023\/12\/GROUPE_Screen-Comment-gerer-mes-commandes-sur-MS-1024x682.png","datePublished":"2023-11-30T01:10:34+00:00","dateModified":"2024-01-04T16:41:19+00:00","breadcrumb":{"@id":"https:\/\/www.microstore.app\/en\/my-orders-on-microstore\/#breadcrumb"},"inLanguage":"en-US","potentialAction":[{"@type":"ReadAction","target":["https:\/\/www.microstore.app\/en\/my-orders-on-microstore\/"]}]},{"@type":"ImageObject","inLanguage":"en-US","@id":"https:\/\/www.microstore.app\/en\/my-orders-on-microstore\/#primaryimage","url":"https:\/\/www.microstore.app\/wp-content\/uploads\/2023\/12\/GROUPE_Screen-Comment-gerer-mes-commandes-sur-MS-1024x682.png","contentUrl":"https:\/\/www.microstore.app\/wp-content\/uploads\/2023\/12\/GROUPE_Screen-Comment-gerer-mes-commandes-sur-MS-1024x682.png"},{"@type":"BreadcrumbList","@id":"https:\/\/www.microstore.app\/en\/my-orders-on-microstore\/#breadcrumb","itemListElement":[{"@type":"ListItem","position":1,"name":"Home","item":"https:\/\/www.microstore.app\/en\/"},{"@type":"ListItem","position":2,"name":"My orders on MicroStore"}]},{"@type":"WebSite","@id":"https:\/\/www.microstore.app\/en\/#website","url":"https:\/\/www.microstore.app\/en\/","name":"Microstore -","description":"Meilleurs grossistes de v\u00eatements en ligne : T\u00e9l\u00e9chargez MicroStore.","publisher":{"@id":"https:\/\/www.microstore.app\/en\/#organization"},"potentialAction":[{"@type":"SearchAction","target":{"@type":"EntryPoint","urlTemplate":"https:\/\/www.microstore.app\/en\/?s={search_term_string}"},"query-input":{"@type":"PropertyValueSpecification","valueRequired":true,"valueName":"search_term_string"}}],"inLanguage":"en-US"},{"@type":"Organization","@id":"https:\/\/www.microstore.app\/en\/#organization","name":"Microstore -","url":"https:\/\/www.microstore.app\/en\/","logo":{"@type":"ImageObject","inLanguage":"en-US","@id":"https:\/\/www.microstore.app\/en\/#\/schema\/logo\/image\/","url":"https:\/\/www.microstore.app\/wp-content\/uploads\/2023\/10\/microstore.webp","contentUrl":"https:\/\/www.microstore.app\/wp-content\/uploads\/2023\/10\/microstore.webp","width":830,"height":118,"caption":"Microstore -"},"image":{"@id":"https:\/\/www.microstore.app\/en\/#\/schema\/logo\/image\/"}}]}},"_links":{"self":[{"href":"https:\/\/www.microstore.app\/en\/wp-json\/wp\/v2\/pages\/2787","targetHints":{"allow":["GET"]}}],"collection":[{"href":"https:\/\/www.microstore.app\/en\/wp-json\/wp\/v2\/pages"}],"about":[{"href":"https:\/\/www.microstore.app\/en\/wp-json\/wp\/v2\/types\/page"}],"author":[{"embeddable":true,"href":"https:\/\/www.microstore.app\/en\/wp-json\/wp\/v2\/users\/1"}],"replies":[{"embeddable":true,"href":"https:\/\/www.microstore.app\/en\/wp-json\/wp\/v2\/comments?post=2787"}],"version-history":[{"count":9,"href":"https:\/\/www.microstore.app\/en\/wp-json\/wp\/v2\/pages\/2787\/revisions"}],"predecessor-version":[{"id":3228,"href":"https:\/\/www.microstore.app\/en\/wp-json\/wp\/v2\/pages\/2787\/revisions\/3228"}],"wp:attachment":[{"href":"https:\/\/www.microstore.app\/en\/wp-json\/wp\/v2\/media?parent=2787"}],"curies":[{"name":"wp","href":"https:\/\/api.w.org\/{rel}","templated":true}]}}