{"id":2858,"date":"2023-11-30T01:10:34","date_gmt":"2023-11-30T01:10:34","guid":{"rendered":"https:\/\/wp-micro-beta.neyber.tech\/encontrar-proveedores-mis-pedidos-en-microstore\/"},"modified":"2024-01-05T13:23:25","modified_gmt":"2024-01-05T13:23:25","slug":"encontrar-proveedores-mis-pedidos-en-microstore","status":"publish","type":"page","link":"https:\/\/www.microstore.app\/es\/encontrar-proveedores-mis-pedidos-en-microstore\/","title":{"rendered":"Mis pedidos en MicroStore"},"content":{"rendered":"\t\t<div data-elementor-type=\"wp-page\" data-elementor-id=\"2858\" class=\"elementor elementor-2858 elementor-2365\" data-elementor-post-type=\"page\">\n\t\t\t\t<div class=\"elementor-element elementor-element-54fd3ae e-flex e-con-boxed e-con e-parent\" data-id=\"54fd3ae\" data-element_type=\"container\">\n\t\t\t\t\t<div class=\"e-con-inner\">\n\t\t\t\t<div class=\"elementor-element elementor-element-fdef0ad elementor-widget elementor-widget-heading\" data-id=\"fdef0ad\" data-element_type=\"widget\" data-widget_type=\"heading.default\">\n\t\t\t\t<div class=\"elementor-widget-container\">\n\t\t\t\t\t<h1 class=\"elementor-heading-title elementor-size-default\">\u00bfC\u00f3mo gestionar mis pedidos con la aplicaci\u00f3n MicroStore? \n<\/h1>\t\t\t\t<\/div>\n\t\t\t\t<\/div>\n\t\t\t\t\t<\/div>\n\t\t\t\t<\/div>\n\t\t<div class=\"elementor-element elementor-element-321c51d e-flex e-con-boxed e-con e-parent\" data-id=\"321c51d\" data-element_type=\"container\" data-settings=\"{&quot;background_background&quot;:&quot;classic&quot;}\">\n\t\t\t\t\t<div class=\"e-con-inner\">\n\t\t<div class=\"elementor-element elementor-element-093c818 e-con-full e-flex e-con e-child\" data-id=\"093c818\" data-element_type=\"container\" data-settings=\"{&quot;background_background&quot;:&quot;classic&quot;}\">\n\t\t<div class=\"elementor-element elementor-element-8ceadbf e-con-full e-flex e-con e-child\" data-id=\"8ceadbf\" data-element_type=\"container\">\n\t\t\t\t<div class=\"elementor-element elementor-element-22622ca elementor-widget__width-initial elementor-widget elementor-widget-video\" data-id=\"22622ca\" data-element_type=\"widget\" data-settings=\"{&quot;youtube_url&quot;:&quot;https:\\\/\\\/youtu.be\\\/OyHEuxksp4w&quot;,&quot;video_type&quot;:&quot;youtube&quot;,&quot;controls&quot;:&quot;yes&quot;}\" data-widget_type=\"video.default\">\n\t\t\t\t<div class=\"elementor-widget-container\">\n\t\t\t\t\t\t\t<div class=\"elementor-wrapper elementor-open-inline\">\n\t\t\t<div class=\"elementor-video\"><\/div>\t\t<\/div>\n\t\t\t\t\t\t<\/div>\n\t\t\t\t<\/div>\n\t\t\t\t<div class=\"elementor-element elementor-element-9702027 elementor-widget elementor-widget-heading\" data-id=\"9702027\" data-element_type=\"widget\" id=\"link-1\" data-widget_type=\"heading.default\">\n\t\t\t\t<div class=\"elementor-widget-container\">\n\t\t\t\t\t<h2 class=\"elementor-heading-title elementor-size-default\">\ud83d\udcf1 \u00bfC\u00f3mo gestionar mis pedidos con la aplicaci\u00f3n MicroStore? <\/h2>\t\t\t\t<\/div>\n\t\t\t\t<\/div>\n\t\t\t\t<div class=\"elementor-element elementor-element-e740b49 elementor-widget__width-initial elementor-widget elementor-widget-text-editor\" data-id=\"e740b49\" data-element_type=\"widget\" data-widget_type=\"text-editor.default\">\n\t\t\t\t<div class=\"elementor-widget-container\">\n\t\t\t\t\t\t\t\t\t<p><span style=\"font-weight: 400;\">En esta gu\u00eda detallada, exploraremos c\u00f3mo ver y gestionar eficazmente sus pedidos en MicroStore. Siga estos sencillos pasos para mantenerse informado sobre el estado de sus pedidos y actuar en consecuencia.<\/span><\/p>\n<p><span style=\"text-decoration: underline;\"><b>Paso 1 : Acceder a la p\u00e1gina de Pedidos<\/b><\/span><\/p>\n<ul>\n<li style=\"font-weight: 400;\" aria-level=\"1\"><span style=\"font-weight: 400;\"><strong>Abra la aplicaci\u00f3n :<\/strong> Inicie la aplicaci\u00f3n MicroStore en su dispositivo.<\/span><\/li>\n<li style=\"font-weight: 400;\" aria-level=\"1\"><span style=\"font-weight: 400;\"><strong>Men\u00fa de opciones :<\/strong> Busque las tres l\u00edneas horizontales que suelen aparecer en la parte superior izquierda de la pantalla. Pulse sobre ellas para abrir el men\u00fa.<\/span><\/li>\n<li style=\"font-weight: 400;\" aria-level=\"1\"><span style=\"font-weight: 400;\"><strong>Navegue hasta los pedidos : <\/strong> En el men\u00fa, seleccione la opci\u00f3n \u00abPedidos\u00bb para acceder a la p\u00e1gina correspondiente.<\/span><\/li>\n<\/ul>\n<p><span style=\"text-decoration: underline;\"><b>Paso 2 : Explorar las pesta\u00f1as de Pedido<\/b><\/span><\/p>\n<ul>\n<li style=\"font-weight: 400;\" aria-level=\"1\"><span style=\"font-weight: 400;\"><span style=\"color: #3ab8bc;\"><strong>Pesta\u00f1a \u00abTodo\u00bb :<\/strong><\/span> Aqu\u00ed encontrar\u00e1 un resumen completo de todos sus pedidos de MicroStore. Es aqu\u00ed donde podr\u00e1 ver el historial general de sus transacciones.<\/span><\/li>\n<li style=\"font-weight: 400;\" aria-level=\"1\"><span style=\"font-weight: 400;\"><span style=\"color: #3ab8bc;\"><strong>Pesta\u00f1a \u00bb Pendiente de pago \u00bb : <\/strong><\/span>Si su proveedor ha activado los pagos en l\u00ednea, esta secci\u00f3n mostrar\u00e1 los pedidos que requieren un pago. Haga clic en \u00abPagar ahora\u00bb para efectuar el pago.<\/span><\/li>\n<li style=\"font-weight: 400;\" aria-level=\"1\"><span style=\"font-weight: 400;\"><span style=\"color: #3ab8bc;\"><strong>Pesta\u00f1a \u00bb Pendiente \u00ab<\/strong><\/span> Estos pedidos se han realizado pero a\u00fan no han sido validados por el mayorista. Espere la confirmaci\u00f3n del mayorista.<\/span><\/li>\n<li style=\"font-weight: 400;\" aria-level=\"1\"><span style=\"font-weight: 400;\"><span style=\"color: #3ab8bc;\"><strong>Pesta\u00f1a \u00bb Por enviar \u00bb :<\/strong><\/span> aqu\u00ed se enumeran los pedidos validados por el proveedor pero a\u00fan no entregados.<\/span><\/li>\n<li style=\"font-weight: 400;\" aria-level=\"1\"><span style=\"font-weight: 400;\"><span style=\"color: #3ab8bc;\"><strong>Pesta\u00f1a \u201c Enviado \u00bb :<\/strong><\/span> consulte esta secci\u00f3n para ver los pedidos que han sido validados por el proveedor y entregados con \u00e9xito.<\/span><\/li>\n<li style=\"font-weight: 400;\" aria-level=\"1\"><span style=\"font-weight: 400;\"><span style=\"color: #3ab8bc;\"><strong>Pesta\u00f1a \u201c Cancelado \u00bb : <\/strong><\/span>En esta secci\u00f3n se enumeran los pedidos cancelados por usted o por el proveedor mayorista.<\/span><\/li>\n<\/ul>\n\t\t\t\t\t\t\t\t<\/div>\n\t\t\t\t<\/div>\n\t\t\t\t<div class=\"elementor-element elementor-element-edcec09 e-transform elementor-widget elementor-widget-image\" data-id=\"edcec09\" data-element_type=\"widget\" data-settings=\"{&quot;_transform_scale_effect_hover&quot;:{&quot;unit&quot;:&quot;px&quot;,&quot;size&quot;:1.2,&quot;sizes&quot;:[]},&quot;_transform_scale_effect_hover_tablet&quot;:{&quot;unit&quot;:&quot;px&quot;,&quot;size&quot;:&quot;&quot;,&quot;sizes&quot;:[]},&quot;_transform_scale_effect_hover_mobile&quot;:{&quot;unit&quot;:&quot;px&quot;,&quot;size&quot;:&quot;&quot;,&quot;sizes&quot;:[]}}\" data-widget_type=\"image.default\">\n\t\t\t\t<div class=\"elementor-widget-container\">\n\t\t\t\t\t\t\t\t\t\t\t\t\t\t\t<img fetchpriority=\"high\" decoding=\"async\" width=\"800\" height=\"533\" src=\"https:\/\/www.microstore.app\/wp-content\/uploads\/2023\/12\/GROUPE_Screen-Comment-gerer-mes-commandes-sur-MS-1024x682.png\" class=\"attachment-large size-large wp-image-2543\" alt=\"\" srcset=\"https:\/\/www.microstore.app\/wp-content\/uploads\/2023\/12\/GROUPE_Screen-Comment-gerer-mes-commandes-sur-MS-1024x682.png 1024w, https:\/\/www.microstore.app\/wp-content\/uploads\/2023\/12\/GROUPE_Screen-Comment-gerer-mes-commandes-sur-MS-300x200.png 300w, https:\/\/www.microstore.app\/wp-content\/uploads\/2023\/12\/GROUPE_Screen-Comment-gerer-mes-commandes-sur-MS-768x512.png 768w, https:\/\/www.microstore.app\/wp-content\/uploads\/2023\/12\/GROUPE_Screen-Comment-gerer-mes-commandes-sur-MS-1536x1024.png 1536w, https:\/\/www.microstore.app\/wp-content\/uploads\/2023\/12\/GROUPE_Screen-Comment-gerer-mes-commandes-sur-MS.png 2000w\" sizes=\"(max-width: 800px) 100vw, 800px\" \/>\t\t\t\t\t\t\t\t\t\t\t\t\t\t\t<\/div>\n\t\t\t\t<\/div>\n\t\t\t\t<div class=\"elementor-element elementor-element-ca9a69a elementor-widget__width-initial elementor-widget elementor-widget-text-editor\" data-id=\"ca9a69a\" data-element_type=\"widget\" data-widget_type=\"text-editor.default\">\n\t\t\t\t<div class=\"elementor-widget-container\">\n\t\t\t\t\t\t\t\t\t<h3 style=\"padding-left: 40px;\"><b>\ud83e\udd29 Consejos pr\u00e1cticos :<\/b><\/h3>\n<ul>\n<li style=\"font-weight: 400;\" aria-level=\"1\"><span style=\"font-weight: 400;\"><strong>Compruebe con regularidad :<\/strong> Para estar al d\u00eda, acost\u00fambrese a consultar estas pesta\u00f1as con regularidad.<\/span><\/li>\n<li style=\"font-weight: 400;\" aria-level=\"1\"><span style=\"font-weight: 400;\"><strong>Acciones r\u00e1pidas : <\/strong> En funci\u00f3n del estado del pedido, puede realizar acciones r\u00e1pidas como el pago, la espera de confirmaci\u00f3n, etc.<\/span><\/li>\n<li style=\"font-weight: 400;\" aria-level=\"1\"><span style=\"font-weight: 400;\"><strong>Contactar con el servicio de asistencia :<\/strong> Si tiene alguna pregunta sobre un pedido concreto, no dude en ponerse en contacto con el servicio de asistencia de MicroStore.<\/span><\/li>\n<\/ul>\n\t\t\t\t\t\t\t\t<\/div>\n\t\t\t\t<\/div>\n\t\t\t\t<div class=\"elementor-element elementor-element-ded089f elementor-widget__width-initial elementor-widget elementor-widget-text-editor\" data-id=\"ded089f\" data-element_type=\"widget\" data-widget_type=\"text-editor.default\">\n\t\t\t\t<div class=\"elementor-widget-container\">\n\t\t\t\t\t\t\t\t\t<p><span style=\"font-weight: 400;\">\u2705 Siguiendo estos pasos y explorando las distintas pesta\u00f1as, podr\u00e1 gestionar eficazmente sus pedidos en MicroStore, garantizando una experiencia de gesti\u00f3n fluida y simplificada.<\/span><\/p>\n\t\t\t\t\t\t\t\t<\/div>\n\t\t\t\t<\/div>\n\t\t\t\t<\/div>\n\t\t\t\t<\/div>\n\t\t<div class=\"elementor-element elementor-element-aa0a6b9 e-flex e-con-boxed e-con e-child\" data-id=\"aa0a6b9\" data-element_type=\"container\">\n\t\t\t\t\t<div class=\"e-con-inner\">\n\t\t\t\t<div class=\"elementor-element elementor-element-df1db6e elementor-widget elementor-widget-heading\" data-id=\"df1db6e\" data-element_type=\"widget\" data-widget_type=\"heading.default\">\n\t\t\t\t<div class=\"elementor-widget-container\">\n\t\t\t\t\t<h2 class=\"elementor-heading-title elementor-size-default\">\u00bfQuiere ir m\u00e1s lejos? \n<\/h2>\t\t\t\t<\/div>\n\t\t\t\t<\/div>\n\t\t<div class=\"elementor-element elementor-element-a29c697 e-flex e-con-boxed e-con e-child\" data-id=\"a29c697\" data-element_type=\"container\">\n\t\t\t\t\t<div class=\"e-con-inner\">\n\t\t<div class=\"elementor-element elementor-element-e5bd553 e-flex e-con-boxed e-con e-child\" data-id=\"e5bd553\" data-element_type=\"container\">\n\t\t\t\t\t<div class=\"e-con-inner\">\n\t\t\t\t<div class=\"elementor-element elementor-element-caa9086 elementor-icon-list--layout-traditional elementor-list-item-link-full_width elementor-widget elementor-widget-icon-list\" data-id=\"caa9086\" data-element_type=\"widget\" data-widget_type=\"icon-list.default\">\n\t\t\t\t<div class=\"elementor-widget-container\">\n\t\t\t\t\t\t\t<ul class=\"elementor-icon-list-items\">\n\t\t\t\t\t\t\t<li class=\"elementor-icon-list-item\">\n\t\t\t\t\t\t\t\t\t\t\t<a href=\"\/es\/trouver-des-fournisseurs\/\">\n\n\t\t\t\t\t\t\t\t\t\t\t\t<span class=\"elementor-icon-list-icon\">\n\t\t\t\t\t\t\t<svg aria-hidden=\"true\" class=\"e-font-icon-svg e-fas-circle\" viewBox=\"0 0 512 512\" xmlns=\"http:\/\/www.w3.org\/2000\/svg\"><path d=\"M256 8C119 8 8 119 8 256s111 248 248 248 248-111 248-248S393 8 256 8z\"><\/path><\/svg>\t\t\t\t\t\t<\/span>\n\t\t\t\t\t\t\t\t\t\t<span class=\"elementor-icon-list-text\">Encontrar proveedores<\/span>\n\t\t\t\t\t\t\t\t\t\t\t<\/a>\n\t\t\t\t\t\t\t\t\t<\/li>\n\t\t\t\t\t\t\t\t<li class=\"elementor-icon-list-item\">\n\t\t\t\t\t\t\t\t\t\t\t<a href=\"\/es\/mon-compte\/\">\n\n\t\t\t\t\t\t\t\t\t\t\t\t<span class=\"elementor-icon-list-icon\">\n\t\t\t\t\t\t\t<svg aria-hidden=\"true\" class=\"e-font-icon-svg e-fas-circle\" viewBox=\"0 0 512 512\" xmlns=\"http:\/\/www.w3.org\/2000\/svg\"><path d=\"M256 8C119 8 8 119 8 256s111 248 248 248 248-111 248-248S393 8 256 8z\"><\/path><\/svg>\t\t\t\t\t\t<\/span>\n\t\t\t\t\t\t\t\t\t\t<span class=\"elementor-icon-list-text\"> Mi cuenta<\/span>\n\t\t\t\t\t\t\t\t\t\t\t<\/a>\n\t\t\t\t\t\t\t\t\t<\/li>\n\t\t\t\t\t\t<\/ul>\n\t\t\t\t\t\t<\/div>\n\t\t\t\t<\/div>\n\t\t\t\t\t<\/div>\n\t\t\t\t<\/div>\n\t\t<div class=\"elementor-element elementor-element-ee2dd34 e-flex e-con-boxed e-con e-child\" data-id=\"ee2dd34\" data-element_type=\"container\">\n\t\t\t\t\t<div class=\"e-con-inner\">\n\t\t\t\t<div class=\"elementor-element elementor-element-bd780b3 elementor-icon-list--layout-traditional elementor-list-item-link-full_width elementor-widget elementor-widget-icon-list\" data-id=\"bd780b3\" data-element_type=\"widget\" data-widget_type=\"icon-list.default\">\n\t\t\t\t<div class=\"elementor-widget-container\">\n\t\t\t\t\t\t\t<ul class=\"elementor-icon-list-items\">\n\t\t\t\t\t\t\t<li class=\"elementor-icon-list-item\">\n\t\t\t\t\t\t\t\t\t\t\t<a href=\"\/es\/mes-fournisseurs-de-vetements\/\">\n\n\t\t\t\t\t\t\t\t\t\t\t\t<span class=\"elementor-icon-list-icon\">\n\t\t\t\t\t\t\t<svg aria-hidden=\"true\" class=\"e-font-icon-svg e-fas-circle\" viewBox=\"0 0 512 512\" xmlns=\"http:\/\/www.w3.org\/2000\/svg\"><path d=\"M256 8C119 8 8 119 8 256s111 248 248 248 248-111 248-248S393 8 256 8z\"><\/path><\/svg>\t\t\t\t\t\t<\/span>\n\t\t\t\t\t\t\t\t\t\t<span class=\"elementor-icon-list-text\">Mis proveedores de ropa<\/span>\n\t\t\t\t\t\t\t\t\t\t\t<\/a>\n\t\t\t\t\t\t\t\t\t<\/li>\n\t\t\t\t\t\t\t\t<li class=\"elementor-icon-list-item\">\n\t\t\t\t\t\t\t\t\t\t\t<a href=\"\/es\/mes-discussions\/\">\n\n\t\t\t\t\t\t\t\t\t\t\t\t<span class=\"elementor-icon-list-icon\">\n\t\t\t\t\t\t\t<svg aria-hidden=\"true\" class=\"e-font-icon-svg e-fas-circle\" viewBox=\"0 0 512 512\" xmlns=\"http:\/\/www.w3.org\/2000\/svg\"><path d=\"M256 8C119 8 8 119 8 256s111 248 248 248 248-111 248-248S393 8 256 8z\"><\/path><\/svg>\t\t\t\t\t\t<\/span>\n\t\t\t\t\t\t\t\t\t\t<span class=\"elementor-icon-list-text\">Mis conversaciones con los mayoristas<\/span>\n\t\t\t\t\t\t\t\t\t\t\t<\/a>\n\t\t\t\t\t\t\t\t\t<\/li>\n\t\t\t\t\t\t<\/ul>\n\t\t\t\t\t\t<\/div>\n\t\t\t\t<\/div>\n\t\t\t\t\t<\/div>\n\t\t\t\t<\/div>\n\t\t\t\t\t<\/div>\n\t\t\t\t<\/div>\n\t\t\t\t\t<\/div>\n\t\t\t\t<\/div>\n\t\t\t\t\t<\/div>\n\t\t\t\t<\/div>\n\t\t\t\t<\/div>\n\t\t","protected":false},"excerpt":{"rendered":"<p>\u00bfC\u00f3mo gestionar mis pedidos con la aplicaci\u00f3n MicroStore? \ud83d\udcf1 \u00bfC\u00f3mo gestionar mis pedidos con la aplicaci\u00f3n MicroStore? En esta gu\u00eda detallada, exploraremos c\u00f3mo ver y gestionar eficazmente sus pedidos en MicroStore. Siga estos sencillos pasos para mantenerse informado sobre el estado de sus pedidos y actuar en consecuencia. Paso 1 : Acceder a la p\u00e1gina [&hellip;]<\/p>\n","protected":false},"author":1,"featured_media":0,"parent":0,"menu_order":0,"comment_status":"closed","ping_status":"closed","template":"","meta":{"footnotes":""},"class_list":["post-2858","page","type-page","status-publish","hentry"],"yoast_head":"<!-- This site is optimized with the Yoast SEO plugin v26.7 - https:\/\/yoast.com\/wordpress\/plugins\/seo\/ -->\n<title>Mis pedidos en MicroStore - Microstore -<\/title>\n<meta name=\"robots\" content=\"index, follow, max-snippet:-1, max-image-preview:large, max-video-preview:-1\" \/>\n<link rel=\"canonical\" href=\"https:\/\/www.microstore.app\/es\/encontrar-proveedores-mis-pedidos-en-microstore\/\" \/>\n<meta property=\"og:locale\" content=\"es_ES\" \/>\n<meta property=\"og:type\" content=\"article\" \/>\n<meta property=\"og:title\" content=\"Mis pedidos en MicroStore - Microstore -\" \/>\n<meta property=\"og:description\" content=\"\u00bfC\u00f3mo gestionar mis pedidos con la aplicaci\u00f3n MicroStore? \ud83d\udcf1 \u00bfC\u00f3mo gestionar mis pedidos con la aplicaci\u00f3n MicroStore? En esta gu\u00eda detallada, exploraremos c\u00f3mo ver y gestionar eficazmente sus pedidos en MicroStore. Siga estos sencillos pasos para mantenerse informado sobre el estado de sus pedidos y actuar en consecuencia. Paso 1 : Acceder a la p\u00e1gina [&hellip;]\" \/>\n<meta property=\"og:url\" content=\"https:\/\/www.microstore.app\/es\/encontrar-proveedores-mis-pedidos-en-microstore\/\" \/>\n<meta property=\"og:site_name\" content=\"Microstore -\" \/>\n<meta property=\"article:modified_time\" content=\"2024-01-05T13:23:25+00:00\" \/>\n<meta property=\"og:image\" content=\"https:\/\/www.microstore.app\/wp-content\/uploads\/2023\/12\/GROUPE_Screen-Comment-gerer-mes-commandes-sur-MS-1024x682.png\" \/>\n<meta name=\"twitter:card\" content=\"summary_large_image\" \/>\n<meta name=\"twitter:label1\" content=\"Tiempo de lectura\" \/>\n\t<meta name=\"twitter:data1\" content=\"2 minutos\" \/>\n<script type=\"application\/ld+json\" class=\"yoast-schema-graph\">{\"@context\":\"https:\/\/schema.org\",\"@graph\":[{\"@type\":\"WebPage\",\"@id\":\"https:\/\/www.microstore.app\/es\/encontrar-proveedores-mis-pedidos-en-microstore\/\",\"url\":\"https:\/\/www.microstore.app\/es\/encontrar-proveedores-mis-pedidos-en-microstore\/\",\"name\":\"Mis pedidos en MicroStore - Microstore -\",\"isPartOf\":{\"@id\":\"https:\/\/www.microstore.app\/es\/#website\"},\"primaryImageOfPage\":{\"@id\":\"https:\/\/www.microstore.app\/es\/encontrar-proveedores-mis-pedidos-en-microstore\/#primaryimage\"},\"image\":{\"@id\":\"https:\/\/www.microstore.app\/es\/encontrar-proveedores-mis-pedidos-en-microstore\/#primaryimage\"},\"thumbnailUrl\":\"https:\/\/www.microstore.app\/wp-content\/uploads\/2023\/12\/GROUPE_Screen-Comment-gerer-mes-commandes-sur-MS-1024x682.png\",\"datePublished\":\"2023-11-30T01:10:34+00:00\",\"dateModified\":\"2024-01-05T13:23:25+00:00\",\"breadcrumb\":{\"@id\":\"https:\/\/www.microstore.app\/es\/encontrar-proveedores-mis-pedidos-en-microstore\/#breadcrumb\"},\"inLanguage\":\"es\",\"potentialAction\":[{\"@type\":\"ReadAction\",\"target\":[\"https:\/\/www.microstore.app\/es\/encontrar-proveedores-mis-pedidos-en-microstore\/\"]}]},{\"@type\":\"ImageObject\",\"inLanguage\":\"es\",\"@id\":\"https:\/\/www.microstore.app\/es\/encontrar-proveedores-mis-pedidos-en-microstore\/#primaryimage\",\"url\":\"https:\/\/www.microstore.app\/wp-content\/uploads\/2023\/12\/GROUPE_Screen-Comment-gerer-mes-commandes-sur-MS-1024x682.png\",\"contentUrl\":\"https:\/\/www.microstore.app\/wp-content\/uploads\/2023\/12\/GROUPE_Screen-Comment-gerer-mes-commandes-sur-MS-1024x682.png\"},{\"@type\":\"BreadcrumbList\",\"@id\":\"https:\/\/www.microstore.app\/es\/encontrar-proveedores-mis-pedidos-en-microstore\/#breadcrumb\",\"itemListElement\":[{\"@type\":\"ListItem\",\"position\":1,\"name\":\"Home\",\"item\":\"https:\/\/www.microstore.app\/es\/\"},{\"@type\":\"ListItem\",\"position\":2,\"name\":\"Mis pedidos en MicroStore\"}]},{\"@type\":\"WebSite\",\"@id\":\"https:\/\/www.microstore.app\/es\/#website\",\"url\":\"https:\/\/www.microstore.app\/es\/\",\"name\":\"Microstore -\",\"description\":\"Meilleurs grossistes de v\u00eatements en ligne : T\u00e9l\u00e9chargez MicroStore.\",\"publisher\":{\"@id\":\"https:\/\/www.microstore.app\/es\/#organization\"},\"potentialAction\":[{\"@type\":\"SearchAction\",\"target\":{\"@type\":\"EntryPoint\",\"urlTemplate\":\"https:\/\/www.microstore.app\/es\/?s={search_term_string}\"},\"query-input\":{\"@type\":\"PropertyValueSpecification\",\"valueRequired\":true,\"valueName\":\"search_term_string\"}}],\"inLanguage\":\"es\"},{\"@type\":\"Organization\",\"@id\":\"https:\/\/www.microstore.app\/es\/#organization\",\"name\":\"Microstore -\",\"url\":\"https:\/\/www.microstore.app\/es\/\",\"logo\":{\"@type\":\"ImageObject\",\"inLanguage\":\"es\",\"@id\":\"https:\/\/www.microstore.app\/es\/#\/schema\/logo\/image\/\",\"url\":\"https:\/\/www.microstore.app\/wp-content\/uploads\/2023\/10\/microstore.webp\",\"contentUrl\":\"https:\/\/www.microstore.app\/wp-content\/uploads\/2023\/10\/microstore.webp\",\"width\":830,\"height\":118,\"caption\":\"Microstore -\"},\"image\":{\"@id\":\"https:\/\/www.microstore.app\/es\/#\/schema\/logo\/image\/\"}}]}<\/script>\n<!-- \/ Yoast SEO plugin. -->","yoast_head_json":{"title":"Mis pedidos en MicroStore - Microstore -","robots":{"index":"index","follow":"follow","max-snippet":"max-snippet:-1","max-image-preview":"max-image-preview:large","max-video-preview":"max-video-preview:-1"},"canonical":"https:\/\/www.microstore.app\/es\/encontrar-proveedores-mis-pedidos-en-microstore\/","og_locale":"es_ES","og_type":"article","og_title":"Mis pedidos en MicroStore - Microstore -","og_description":"\u00bfC\u00f3mo gestionar mis pedidos con la aplicaci\u00f3n MicroStore? \ud83d\udcf1 \u00bfC\u00f3mo gestionar mis pedidos con la aplicaci\u00f3n MicroStore? En esta gu\u00eda detallada, exploraremos c\u00f3mo ver y gestionar eficazmente sus pedidos en MicroStore. Siga estos sencillos pasos para mantenerse informado sobre el estado de sus pedidos y actuar en consecuencia. Paso 1 : Acceder a la p\u00e1gina [&hellip;]","og_url":"https:\/\/www.microstore.app\/es\/encontrar-proveedores-mis-pedidos-en-microstore\/","og_site_name":"Microstore -","article_modified_time":"2024-01-05T13:23:25+00:00","og_image":[{"url":"https:\/\/www.microstore.app\/wp-content\/uploads\/2023\/12\/GROUPE_Screen-Comment-gerer-mes-commandes-sur-MS-1024x682.png","type":"","width":"","height":""}],"twitter_card":"summary_large_image","twitter_misc":{"Tiempo de lectura":"2 minutos"},"schema":{"@context":"https:\/\/schema.org","@graph":[{"@type":"WebPage","@id":"https:\/\/www.microstore.app\/es\/encontrar-proveedores-mis-pedidos-en-microstore\/","url":"https:\/\/www.microstore.app\/es\/encontrar-proveedores-mis-pedidos-en-microstore\/","name":"Mis pedidos en MicroStore - Microstore -","isPartOf":{"@id":"https:\/\/www.microstore.app\/es\/#website"},"primaryImageOfPage":{"@id":"https:\/\/www.microstore.app\/es\/encontrar-proveedores-mis-pedidos-en-microstore\/#primaryimage"},"image":{"@id":"https:\/\/www.microstore.app\/es\/encontrar-proveedores-mis-pedidos-en-microstore\/#primaryimage"},"thumbnailUrl":"https:\/\/www.microstore.app\/wp-content\/uploads\/2023\/12\/GROUPE_Screen-Comment-gerer-mes-commandes-sur-MS-1024x682.png","datePublished":"2023-11-30T01:10:34+00:00","dateModified":"2024-01-05T13:23:25+00:00","breadcrumb":{"@id":"https:\/\/www.microstore.app\/es\/encontrar-proveedores-mis-pedidos-en-microstore\/#breadcrumb"},"inLanguage":"es","potentialAction":[{"@type":"ReadAction","target":["https:\/\/www.microstore.app\/es\/encontrar-proveedores-mis-pedidos-en-microstore\/"]}]},{"@type":"ImageObject","inLanguage":"es","@id":"https:\/\/www.microstore.app\/es\/encontrar-proveedores-mis-pedidos-en-microstore\/#primaryimage","url":"https:\/\/www.microstore.app\/wp-content\/uploads\/2023\/12\/GROUPE_Screen-Comment-gerer-mes-commandes-sur-MS-1024x682.png","contentUrl":"https:\/\/www.microstore.app\/wp-content\/uploads\/2023\/12\/GROUPE_Screen-Comment-gerer-mes-commandes-sur-MS-1024x682.png"},{"@type":"BreadcrumbList","@id":"https:\/\/www.microstore.app\/es\/encontrar-proveedores-mis-pedidos-en-microstore\/#breadcrumb","itemListElement":[{"@type":"ListItem","position":1,"name":"Home","item":"https:\/\/www.microstore.app\/es\/"},{"@type":"ListItem","position":2,"name":"Mis pedidos en MicroStore"}]},{"@type":"WebSite","@id":"https:\/\/www.microstore.app\/es\/#website","url":"https:\/\/www.microstore.app\/es\/","name":"Microstore -","description":"Meilleurs grossistes de v\u00eatements en ligne : T\u00e9l\u00e9chargez MicroStore.","publisher":{"@id":"https:\/\/www.microstore.app\/es\/#organization"},"potentialAction":[{"@type":"SearchAction","target":{"@type":"EntryPoint","urlTemplate":"https:\/\/www.microstore.app\/es\/?s={search_term_string}"},"query-input":{"@type":"PropertyValueSpecification","valueRequired":true,"valueName":"search_term_string"}}],"inLanguage":"es"},{"@type":"Organization","@id":"https:\/\/www.microstore.app\/es\/#organization","name":"Microstore -","url":"https:\/\/www.microstore.app\/es\/","logo":{"@type":"ImageObject","inLanguage":"es","@id":"https:\/\/www.microstore.app\/es\/#\/schema\/logo\/image\/","url":"https:\/\/www.microstore.app\/wp-content\/uploads\/2023\/10\/microstore.webp","contentUrl":"https:\/\/www.microstore.app\/wp-content\/uploads\/2023\/10\/microstore.webp","width":830,"height":118,"caption":"Microstore -"},"image":{"@id":"https:\/\/www.microstore.app\/es\/#\/schema\/logo\/image\/"}}]}},"_links":{"self":[{"href":"https:\/\/www.microstore.app\/es\/wp-json\/wp\/v2\/pages\/2858","targetHints":{"allow":["GET"]}}],"collection":[{"href":"https:\/\/www.microstore.app\/es\/wp-json\/wp\/v2\/pages"}],"about":[{"href":"https:\/\/www.microstore.app\/es\/wp-json\/wp\/v2\/types\/page"}],"author":[{"embeddable":true,"href":"https:\/\/www.microstore.app\/es\/wp-json\/wp\/v2\/users\/1"}],"replies":[{"embeddable":true,"href":"https:\/\/www.microstore.app\/es\/wp-json\/wp\/v2\/comments?post=2858"}],"version-history":[{"count":11,"href":"https:\/\/www.microstore.app\/es\/wp-json\/wp\/v2\/pages\/2858\/revisions"}],"predecessor-version":[{"id":3266,"href":"https:\/\/www.microstore.app\/es\/wp-json\/wp\/v2\/pages\/2858\/revisions\/3266"}],"wp:attachment":[{"href":"https:\/\/www.microstore.app\/es\/wp-json\/wp\/v2\/media?parent=2858"}],"curies":[{"name":"wp","href":"https:\/\/api.w.org\/{rel}","templated":true}]}}