{"id":2862,"date":"2023-11-30T01:47:48","date_gmt":"2023-11-30T01:47:48","guid":{"rendered":"https:\/\/wp-micro-beta.neyber.tech\/mis-conversaciones-con-los-mayoristas\/"},"modified":"2023-12-19T21:43:06","modified_gmt":"2023-12-19T21:43:06","slug":"mis-conversaciones-con-los-mayoristas","status":"publish","type":"page","link":"https:\/\/www.microstore.app\/es\/mis-conversaciones-con-los-mayoristas\/","title":{"rendered":"Mis conversaciones con los mayoristas"},"content":{"rendered":"\t\t<div data-elementor-type=\"wp-page\" data-elementor-id=\"2862\" class=\"elementor elementor-2862 elementor-2382\" data-elementor-post-type=\"page\">\n\t\t\t\t<div class=\"elementor-element elementor-element-54fd3ae e-flex e-con-boxed e-con e-parent\" data-id=\"54fd3ae\" data-element_type=\"container\">\n\t\t\t\t\t<div class=\"e-con-inner\">\n\t\t\t\t<div class=\"elementor-element elementor-element-fdef0ad elementor-widget elementor-widget-heading\" data-id=\"fdef0ad\" data-element_type=\"widget\" data-widget_type=\"heading.default\">\n\t\t\t\t<div class=\"elementor-widget-container\">\n\t\t\t\t\t<h1 class=\"elementor-heading-title elementor-size-default\">\u00bfC\u00f3mo gestionar mis relaciones en MicroStore? <\/h1>\t\t\t\t<\/div>\n\t\t\t\t<\/div>\n\t\t\t\t\t<\/div>\n\t\t\t\t<\/div>\n\t\t<div class=\"elementor-element elementor-element-321c51d e-flex e-con-boxed e-con e-parent\" data-id=\"321c51d\" data-element_type=\"container\" data-settings=\"{&quot;background_background&quot;:&quot;classic&quot;}\">\n\t\t\t\t\t<div class=\"e-con-inner\">\n\t\t<div class=\"elementor-element elementor-element-093c818 e-con-full e-flex e-con e-child\" data-id=\"093c818\" data-element_type=\"container\" data-settings=\"{&quot;background_background&quot;:&quot;classic&quot;}\">\n\t\t<div class=\"elementor-element elementor-element-8ceadbf e-con-full e-flex e-con e-child\" data-id=\"8ceadbf\" data-element_type=\"container\">\n\t\t\t\t<div class=\"elementor-element elementor-element-22622ca elementor-widget__width-initial elementor-widget elementor-widget-video\" data-id=\"22622ca\" data-element_type=\"widget\" data-settings=\"{&quot;youtube_url&quot;:&quot;https:\\\/\\\/youtu.be\\\/XhoJajhgn7s&quot;,&quot;video_type&quot;:&quot;youtube&quot;,&quot;controls&quot;:&quot;yes&quot;}\" data-widget_type=\"video.default\">\n\t\t\t\t<div class=\"elementor-widget-container\">\n\t\t\t\t\t\t\t<div class=\"elementor-wrapper elementor-open-inline\">\n\t\t\t<div class=\"elementor-video\"><\/div>\t\t<\/div>\n\t\t\t\t\t\t<\/div>\n\t\t\t\t<\/div>\n\t\t\t\t<div class=\"elementor-element elementor-element-5c40df3 elementor-widget elementor-widget-heading\" data-id=\"5c40df3\" data-element_type=\"widget\" id=\"link-22\" data-widget_type=\"heading.default\">\n\t\t\t\t<div class=\"elementor-widget-container\">\n\t\t\t\t\t<h2 class=\"elementor-heading-title elementor-size-default\">\ud83e\udd14 \u00bfC\u00f3mo gestionar mis relaciones con los mayoristas utilizando MicroStore? <\/h2>\t\t\t\t<\/div>\n\t\t\t\t<\/div>\n\t\t\t\t<div class=\"elementor-element elementor-element-ca9a69a elementor-widget__width-initial elementor-widget elementor-widget-text-editor\" data-id=\"ca9a69a\" data-element_type=\"widget\" data-widget_type=\"text-editor.default\">\n\t\t\t\t<div class=\"elementor-widget-container\">\n\t\t\t\t\t\t\t\t\t<p><span style=\"font-weight: 400;\">En esta gu\u00eda, exploraremos la manera simple y efectiva de contactar a su proveedor mayorista directamente desde su cuenta MicroStore. Siga estos pasos para hacer preguntas, hablar de productos y mantenerse en contacto con su proveedor<\/span><\/p>\n\t\t\t\t\t\t\t\t<\/div>\n\t\t\t\t<\/div>\n\t\t\t\t<div class=\"elementor-element elementor-element-ded089f elementor-widget__width-initial elementor-widget elementor-widget-text-editor\" data-id=\"ded089f\" data-element_type=\"widget\" data-widget_type=\"text-editor.default\">\n\t\t\t\t<div class=\"elementor-widget-container\">\n\t\t\t\t\t\t\t\t\t<p><span style=\"text-decoration: underline;\"><b>Paso 1 : Acceder a la funci\u00f3n de Chat<\/b><\/span><\/p>\n<ul>\n<li><strong>Abrir la aplicaci\u00f3n :<\/strong> Inicie la aplicaci\u00f3n MicroStore en su dispositivo.<\/li>\n<li><strong>Chat verde en la parte inferior derecha :<\/strong> Busque el icono de chat verde, normalmente en la parte inferior derecha de la pantalla. P\u00falselo para acceder a la funci\u00f3n de chat.<\/li>\n<\/ul>\n<p><span style=\"text-decoration: underline;\"><b>Paso 2 : Contactar a su proveedor<\/b><\/span><\/p>\n<ul>\n<li><strong>P\u00e1gina de chat :<\/strong> Una vez en la p\u00e1gina de chat, puede comunicarse directamente con su proveedor.<\/li>\n<li><strong>Hacer preguntas :<\/strong> Utilice la p\u00e1gina de Chat para hacer preguntas sobre productos, pedidos o cualquier otra informaci\u00f3n que necesite.<\/li>\n<li><strong>Mensajes escritos :<\/strong> Puede enviar mensajes escritos a su proveedor.<\/li>\n<\/ul>\n<p><span style=\"text-decoration: underline;\"><b>Paso 3 : Funcionalidades avanzadas<br \/><\/b><\/span><\/p>\n<ul>\n<li><strong>Borrar mensajes no le\u00eddos :<\/strong> Si un mensaje no ha sido abierto, puede borrarlo.<\/li>\n<li><strong>Eliminar un mensaje :<\/strong> Para eliminar un mensaje enviado, acceda a sus mensajes enviados y haga clic en \u00abBorrar\u00bb.<\/li>\n<li><strong>Enviar emojis :<\/strong> Personalice sus mensajes enviando emojis a su proveedor.<\/li>\n<li><strong>Enviar fotos :<\/strong> haga fotos de los productos o env\u00ede im\u00e1genes para obtener m\u00e1s informaci\u00f3n.<\/li>\n<li><strong>Compartir pedidos :<\/strong> Env\u00ede a su proveedor los detalles de los pedidos que ha realizado en MicroStore.<\/li>\n<\/ul>\n\t\t\t\t\t\t\t\t<\/div>\n\t\t\t\t<\/div>\n\t\t\t\t<div class=\"elementor-element elementor-element-32c518f e-transform elementor-widget elementor-widget-image\" data-id=\"32c518f\" data-element_type=\"widget\" data-settings=\"{&quot;_transform_scale_effect_hover&quot;:{&quot;unit&quot;:&quot;px&quot;,&quot;size&quot;:1.2,&quot;sizes&quot;:[]},&quot;_transform_scale_effect_hover_tablet&quot;:{&quot;unit&quot;:&quot;px&quot;,&quot;size&quot;:&quot;&quot;,&quot;sizes&quot;:[]},&quot;_transform_scale_effect_hover_mobile&quot;:{&quot;unit&quot;:&quot;px&quot;,&quot;size&quot;:&quot;&quot;,&quot;sizes&quot;:[]}}\" data-widget_type=\"image.default\">\n\t\t\t\t<div class=\"elementor-widget-container\">\n\t\t\t\t\t\t\t\t\t\t\t\t\t\t\t<img fetchpriority=\"high\" decoding=\"async\" width=\"800\" height=\"533\" src=\"https:\/\/www.microstore.app\/wp-content\/uploads\/2023\/12\/GROUPE_Screen-Comment-gerer-mes-relations-avec-les-grossistes-grace-a-MS-1024x682.png\" class=\"attachment-large size-large wp-image-2556\" alt=\"\" srcset=\"https:\/\/www.microstore.app\/wp-content\/uploads\/2023\/12\/GROUPE_Screen-Comment-gerer-mes-relations-avec-les-grossistes-grace-a-MS-1024x682.png 1024w, https:\/\/www.microstore.app\/wp-content\/uploads\/2023\/12\/GROUPE_Screen-Comment-gerer-mes-relations-avec-les-grossistes-grace-a-MS-300x200.png 300w, https:\/\/www.microstore.app\/wp-content\/uploads\/2023\/12\/GROUPE_Screen-Comment-gerer-mes-relations-avec-les-grossistes-grace-a-MS-768x512.png 768w, https:\/\/www.microstore.app\/wp-content\/uploads\/2023\/12\/GROUPE_Screen-Comment-gerer-mes-relations-avec-les-grossistes-grace-a-MS-1536x1024.png 1536w, https:\/\/www.microstore.app\/wp-content\/uploads\/2023\/12\/GROUPE_Screen-Comment-gerer-mes-relations-avec-les-grossistes-grace-a-MS.png 2000w\" sizes=\"(max-width: 800px) 100vw, 800px\" \/>\t\t\t\t\t\t\t\t\t\t\t\t\t\t\t<\/div>\n\t\t\t\t<\/div>\n\t\t\t\t<div class=\"elementor-element elementor-element-fe62724 elementor-widget__width-initial elementor-widget elementor-widget-text-editor\" data-id=\"fe62724\" data-element_type=\"widget\" data-widget_type=\"text-editor.default\">\n\t\t\t\t<div class=\"elementor-widget-container\">\n\t\t\t\t\t\t\t\t\t<h3 style=\"padding-left: 40px;\"><b>\ud83e\udd29 Consejos pr\u00e1cticos :<\/b><\/h3>\n<p style=\"padding-left: 40px;\"><span style=\"font-weight: 400;\">No dude en hacer todas las preguntas que tenga y mantenga una comunicaci\u00f3n abierta con su proveedor. Esto puede contribuir a reforzar la relaci\u00f3n comercial.<\/span><\/p>\n\t\t\t\t\t\t\t\t<\/div>\n\t\t\t\t<\/div>\n\t\t\t\t<div class=\"elementor-element elementor-element-817be53 elementor-widget__width-initial elementor-widget elementor-widget-text-editor\" data-id=\"817be53\" data-element_type=\"widget\" data-widget_type=\"text-editor.default\">\n\t\t\t\t<div class=\"elementor-widget-container\">\n\t\t\t\t\t\t\t\t\t<p><span style=\"font-weight: 400;\">Siguiendo estos sencillos pasos, podr\u00e1 hacer pleno uso de la funci\u00f3n de chat en MicroStore para mantenerse conectado con su proveedor, obtener informaci\u00f3n crucial y facilitar la gesti\u00f3n de sus pedidos y aprovisionamientos. Aproveche esta funci\u00f3n para optimizar su experiencia en MicroStore.<\/span><\/p>\n\t\t\t\t\t\t\t\t<\/div>\n\t\t\t\t<\/div>\n\t\t\t\t<\/div>\n\t\t\t\t<\/div>\n\t\t<div class=\"elementor-element elementor-element-aa0a6b9 e-flex e-con-boxed e-con e-child\" data-id=\"aa0a6b9\" data-element_type=\"container\">\n\t\t\t\t\t<div class=\"e-con-inner\">\n\t\t\t\t<div class=\"elementor-element elementor-element-df1db6e elementor-widget elementor-widget-heading\" data-id=\"df1db6e\" data-element_type=\"widget\" data-widget_type=\"heading.default\">\n\t\t\t\t<div class=\"elementor-widget-container\">\n\t\t\t\t\t<h2 class=\"elementor-heading-title elementor-size-default\">\u00bfQuiere ir m\u00e1s lejos? \n<\/h2>\t\t\t\t<\/div>\n\t\t\t\t<\/div>\n\t\t<div class=\"elementor-element elementor-element-a29c697 e-flex e-con-boxed e-con e-child\" data-id=\"a29c697\" data-element_type=\"container\">\n\t\t\t\t\t<div class=\"e-con-inner\">\n\t\t<div class=\"elementor-element elementor-element-e5bd553 e-flex e-con-boxed e-con e-child\" data-id=\"e5bd553\" data-element_type=\"container\">\n\t\t\t\t\t<div class=\"e-con-inner\">\n\t\t\t\t<div class=\"elementor-element elementor-element-caa9086 elementor-icon-list--layout-traditional elementor-list-item-link-full_width elementor-widget elementor-widget-icon-list\" data-id=\"caa9086\" data-element_type=\"widget\" data-widget_type=\"icon-list.default\">\n\t\t\t\t<div class=\"elementor-widget-container\">\n\t\t\t\t\t\t\t<ul class=\"elementor-icon-list-items\">\n\t\t\t\t\t\t\t<li class=\"elementor-icon-list-item\">\n\t\t\t\t\t\t\t\t\t\t\t<a href=\"https:\/\/wp-micro-beta.neyber.tech\/es\/mi-cuenta\/\">\n\n\t\t\t\t\t\t\t\t\t\t\t\t<span class=\"elementor-icon-list-icon\">\n\t\t\t\t\t\t\t<svg aria-hidden=\"true\" class=\"e-font-icon-svg e-fas-circle\" viewBox=\"0 0 512 512\" xmlns=\"http:\/\/www.w3.org\/2000\/svg\"><path d=\"M256 8C119 8 8 119 8 256s111 248 248 248 248-111 248-248S393 8 256 8z\"><\/path><\/svg>\t\t\t\t\t\t<\/span>\n\t\t\t\t\t\t\t\t\t\t<span class=\"elementor-icon-list-text\"> Mi cuenta<\/span>\n\t\t\t\t\t\t\t\t\t\t\t<\/a>\n\t\t\t\t\t\t\t\t\t<\/li>\n\t\t\t\t\t\t\t\t<li class=\"elementor-icon-list-item\">\n\t\t\t\t\t\t\t\t\t\t\t<a href=\"https:\/\/wp-micro-beta.neyber.tech\/es\/encontrar-proveedores-mis-pedidos-en-microstore\/\">\n\n\t\t\t\t\t\t\t\t\t\t\t\t<span class=\"elementor-icon-list-icon\">\n\t\t\t\t\t\t\t<svg aria-hidden=\"true\" class=\"e-font-icon-svg e-fas-circle\" viewBox=\"0 0 512 512\" xmlns=\"http:\/\/www.w3.org\/2000\/svg\"><path d=\"M256 8C119 8 8 119 8 256s111 248 248 248 248-111 248-248S393 8 256 8z\"><\/path><\/svg>\t\t\t\t\t\t<\/span>\n\t\t\t\t\t\t\t\t\t\t<span class=\"elementor-icon-list-text\">Encontrar proveedores Mis pedidos en MicroStore<\/span>\n\t\t\t\t\t\t\t\t\t\t\t<\/a>\n\t\t\t\t\t\t\t\t\t<\/li>\n\t\t\t\t\t\t<\/ul>\n\t\t\t\t\t\t<\/div>\n\t\t\t\t<\/div>\n\t\t\t\t\t<\/div>\n\t\t\t\t<\/div>\n\t\t<div class=\"elementor-element elementor-element-ee2dd34 e-flex e-con-boxed e-con e-child\" data-id=\"ee2dd34\" data-element_type=\"container\">\n\t\t\t\t\t<div class=\"e-con-inner\">\n\t\t\t\t<div class=\"elementor-element elementor-element-bd780b3 elementor-icon-list--layout-traditional elementor-list-item-link-full_width elementor-widget elementor-widget-icon-list\" data-id=\"bd780b3\" data-element_type=\"widget\" data-widget_type=\"icon-list.default\">\n\t\t\t\t<div class=\"elementor-widget-container\">\n\t\t\t\t\t\t\t<ul class=\"elementor-icon-list-items\">\n\t\t\t\t\t\t\t<li class=\"elementor-icon-list-item\">\n\t\t\t\t\t\t\t\t\t\t\t<a href=\"https:\/\/wp-micro-beta.neyber.tech\/es\/mis-proveedores-de-ropa\/\">\n\n\t\t\t\t\t\t\t\t\t\t\t\t<span class=\"elementor-icon-list-icon\">\n\t\t\t\t\t\t\t<svg aria-hidden=\"true\" class=\"e-font-icon-svg e-fas-circle\" viewBox=\"0 0 512 512\" xmlns=\"http:\/\/www.w3.org\/2000\/svg\"><path d=\"M256 8C119 8 8 119 8 256s111 248 248 248 248-111 248-248S393 8 256 8z\"><\/path><\/svg>\t\t\t\t\t\t<\/span>\n\t\t\t\t\t\t\t\t\t\t<span class=\"elementor-icon-list-text\">Mis proveedores de ropa<\/span>\n\t\t\t\t\t\t\t\t\t\t\t<\/a>\n\t\t\t\t\t\t\t\t\t<\/li>\n\t\t\t\t\t\t\t\t<li class=\"elementor-icon-list-item\">\n\t\t\t\t\t\t\t\t\t\t\t<a href=\"https:\/\/wp-micro-beta.neyber.tech\/es\/como-empezar-a-utilizar-microstore\/\">\n\n\t\t\t\t\t\t\t\t\t\t\t\t<span class=\"elementor-icon-list-icon\">\n\t\t\t\t\t\t\t<svg aria-hidden=\"true\" class=\"e-font-icon-svg e-fas-circle\" viewBox=\"0 0 512 512\" xmlns=\"http:\/\/www.w3.org\/2000\/svg\"><path d=\"M256 8C119 8 8 119 8 256s111 248 248 248 248-111 248-248S393 8 256 8z\"><\/path><\/svg>\t\t\t\t\t\t<\/span>\n\t\t\t\t\t\t\t\t\t\t<span class=\"elementor-icon-list-text\">\u00bfC\u00f3mo empezar a utilizar MicroStore?<\/span>\n\t\t\t\t\t\t\t\t\t\t\t<\/a>\n\t\t\t\t\t\t\t\t\t<\/li>\n\t\t\t\t\t\t<\/ul>\n\t\t\t\t\t\t<\/div>\n\t\t\t\t<\/div>\n\t\t\t\t\t<\/div>\n\t\t\t\t<\/div>\n\t\t\t\t\t<\/div>\n\t\t\t\t<\/div>\n\t\t\t\t\t<\/div>\n\t\t\t\t<\/div>\n\t\t\t\t\t<\/div>\n\t\t\t\t<\/div>\n\t\t\t\t<\/div>\n\t\t","protected":false},"excerpt":{"rendered":"<p>\u00bfC\u00f3mo gestionar mis relaciones en MicroStore? \ud83e\udd14 \u00bfC\u00f3mo gestionar mis relaciones con los mayoristas utilizando MicroStore? En esta gu\u00eda, exploraremos la manera simple y efectiva de contactar a su proveedor mayorista directamente desde su cuenta MicroStore. Siga estos pasos para hacer preguntas, hablar de productos y mantenerse en contacto con su proveedor Paso 1 : [&hellip;]<\/p>\n","protected":false},"author":1,"featured_media":0,"parent":0,"menu_order":0,"comment_status":"closed","ping_status":"closed","template":"","meta":{"footnotes":""},"class_list":["post-2862","page","type-page","status-publish","hentry"],"yoast_head":"<!-- This site is optimized with the Yoast SEO plugin v26.7 - https:\/\/yoast.com\/wordpress\/plugins\/seo\/ -->\n<title>Mis conversaciones con los mayoristas - Microstore -<\/title>\n<meta name=\"robots\" content=\"index, follow, max-snippet:-1, max-image-preview:large, max-video-preview:-1\" \/>\n<link rel=\"canonical\" href=\"https:\/\/www.microstore.app\/es\/mis-conversaciones-con-los-mayoristas\/\" \/>\n<meta property=\"og:locale\" content=\"es_ES\" \/>\n<meta property=\"og:type\" content=\"article\" \/>\n<meta property=\"og:title\" content=\"Mis conversaciones con los mayoristas - Microstore -\" \/>\n<meta property=\"og:description\" content=\"\u00bfC\u00f3mo gestionar mis relaciones en MicroStore? \ud83e\udd14 \u00bfC\u00f3mo gestionar mis relaciones con los mayoristas utilizando MicroStore? En esta gu\u00eda, exploraremos la manera simple y efectiva de contactar a su proveedor mayorista directamente desde su cuenta MicroStore. Siga estos pasos para hacer preguntas, hablar de productos y mantenerse en contacto con su proveedor Paso 1 : [&hellip;]\" \/>\n<meta property=\"og:url\" content=\"https:\/\/www.microstore.app\/es\/mis-conversaciones-con-los-mayoristas\/\" \/>\n<meta property=\"og:site_name\" content=\"Microstore -\" \/>\n<meta property=\"article:modified_time\" content=\"2023-12-19T21:43:06+00:00\" \/>\n<meta property=\"og:image\" content=\"https:\/\/wp-micro-beta.neyber.tech\/wp-content\/uploads\/2023\/12\/GROUPE_Screen-Comment-gerer-mes-relations-avec-les-grossistes-grace-a-MS-1024x682.png\" \/>\n<meta name=\"twitter:card\" content=\"summary_large_image\" \/>\n<meta name=\"twitter:label1\" content=\"Tiempo de lectura\" \/>\n\t<meta name=\"twitter:data1\" content=\"2 minutos\" \/>\n<script type=\"application\/ld+json\" class=\"yoast-schema-graph\">{\"@context\":\"https:\/\/schema.org\",\"@graph\":[{\"@type\":\"WebPage\",\"@id\":\"https:\/\/www.microstore.app\/es\/mis-conversaciones-con-los-mayoristas\/\",\"url\":\"https:\/\/www.microstore.app\/es\/mis-conversaciones-con-los-mayoristas\/\",\"name\":\"Mis conversaciones con los mayoristas - Microstore -\",\"isPartOf\":{\"@id\":\"https:\/\/www.microstore.app\/es\/#website\"},\"primaryImageOfPage\":{\"@id\":\"https:\/\/www.microstore.app\/es\/mis-conversaciones-con-los-mayoristas\/#primaryimage\"},\"image\":{\"@id\":\"https:\/\/www.microstore.app\/es\/mis-conversaciones-con-los-mayoristas\/#primaryimage\"},\"thumbnailUrl\":\"https:\/\/wp-micro-beta.neyber.tech\/wp-content\/uploads\/2023\/12\/GROUPE_Screen-Comment-gerer-mes-relations-avec-les-grossistes-grace-a-MS-1024x682.png\",\"datePublished\":\"2023-11-30T01:47:48+00:00\",\"dateModified\":\"2023-12-19T21:43:06+00:00\",\"breadcrumb\":{\"@id\":\"https:\/\/www.microstore.app\/es\/mis-conversaciones-con-los-mayoristas\/#breadcrumb\"},\"inLanguage\":\"es\",\"potentialAction\":[{\"@type\":\"ReadAction\",\"target\":[\"https:\/\/www.microstore.app\/es\/mis-conversaciones-con-los-mayoristas\/\"]}]},{\"@type\":\"ImageObject\",\"inLanguage\":\"es\",\"@id\":\"https:\/\/www.microstore.app\/es\/mis-conversaciones-con-los-mayoristas\/#primaryimage\",\"url\":\"https:\/\/wp-micro-beta.neyber.tech\/wp-content\/uploads\/2023\/12\/GROUPE_Screen-Comment-gerer-mes-relations-avec-les-grossistes-grace-a-MS-1024x682.png\",\"contentUrl\":\"https:\/\/wp-micro-beta.neyber.tech\/wp-content\/uploads\/2023\/12\/GROUPE_Screen-Comment-gerer-mes-relations-avec-les-grossistes-grace-a-MS-1024x682.png\"},{\"@type\":\"BreadcrumbList\",\"@id\":\"https:\/\/www.microstore.app\/es\/mis-conversaciones-con-los-mayoristas\/#breadcrumb\",\"itemListElement\":[{\"@type\":\"ListItem\",\"position\":1,\"name\":\"Home\",\"item\":\"https:\/\/www.microstore.app\/es\/\"},{\"@type\":\"ListItem\",\"position\":2,\"name\":\"Mis conversaciones con los mayoristas\"}]},{\"@type\":\"WebSite\",\"@id\":\"https:\/\/www.microstore.app\/es\/#website\",\"url\":\"https:\/\/www.microstore.app\/es\/\",\"name\":\"Microstore -\",\"description\":\"Meilleurs grossistes de v\u00eatements en ligne : T\u00e9l\u00e9chargez MicroStore.\",\"publisher\":{\"@id\":\"https:\/\/www.microstore.app\/es\/#organization\"},\"potentialAction\":[{\"@type\":\"SearchAction\",\"target\":{\"@type\":\"EntryPoint\",\"urlTemplate\":\"https:\/\/www.microstore.app\/es\/?s={search_term_string}\"},\"query-input\":{\"@type\":\"PropertyValueSpecification\",\"valueRequired\":true,\"valueName\":\"search_term_string\"}}],\"inLanguage\":\"es\"},{\"@type\":\"Organization\",\"@id\":\"https:\/\/www.microstore.app\/es\/#organization\",\"name\":\"Microstore -\",\"url\":\"https:\/\/www.microstore.app\/es\/\",\"logo\":{\"@type\":\"ImageObject\",\"inLanguage\":\"es\",\"@id\":\"https:\/\/www.microstore.app\/es\/#\/schema\/logo\/image\/\",\"url\":\"https:\/\/www.microstore.app\/wp-content\/uploads\/2023\/10\/microstore.webp\",\"contentUrl\":\"https:\/\/www.microstore.app\/wp-content\/uploads\/2023\/10\/microstore.webp\",\"width\":830,\"height\":118,\"caption\":\"Microstore -\"},\"image\":{\"@id\":\"https:\/\/www.microstore.app\/es\/#\/schema\/logo\/image\/\"}}]}<\/script>\n<!-- \/ Yoast SEO plugin. -->","yoast_head_json":{"title":"Mis conversaciones con los mayoristas - Microstore -","robots":{"index":"index","follow":"follow","max-snippet":"max-snippet:-1","max-image-preview":"max-image-preview:large","max-video-preview":"max-video-preview:-1"},"canonical":"https:\/\/www.microstore.app\/es\/mis-conversaciones-con-los-mayoristas\/","og_locale":"es_ES","og_type":"article","og_title":"Mis conversaciones con los mayoristas - Microstore -","og_description":"\u00bfC\u00f3mo gestionar mis relaciones en MicroStore? \ud83e\udd14 \u00bfC\u00f3mo gestionar mis relaciones con los mayoristas utilizando MicroStore? En esta gu\u00eda, exploraremos la manera simple y efectiva de contactar a su proveedor mayorista directamente desde su cuenta MicroStore. Siga estos pasos para hacer preguntas, hablar de productos y mantenerse en contacto con su proveedor Paso 1 : [&hellip;]","og_url":"https:\/\/www.microstore.app\/es\/mis-conversaciones-con-los-mayoristas\/","og_site_name":"Microstore -","article_modified_time":"2023-12-19T21:43:06+00:00","og_image":[{"url":"https:\/\/wp-micro-beta.neyber.tech\/wp-content\/uploads\/2023\/12\/GROUPE_Screen-Comment-gerer-mes-relations-avec-les-grossistes-grace-a-MS-1024x682.png","type":"","width":"","height":""}],"twitter_card":"summary_large_image","twitter_misc":{"Tiempo de lectura":"2 minutos"},"schema":{"@context":"https:\/\/schema.org","@graph":[{"@type":"WebPage","@id":"https:\/\/www.microstore.app\/es\/mis-conversaciones-con-los-mayoristas\/","url":"https:\/\/www.microstore.app\/es\/mis-conversaciones-con-los-mayoristas\/","name":"Mis conversaciones con los mayoristas - Microstore -","isPartOf":{"@id":"https:\/\/www.microstore.app\/es\/#website"},"primaryImageOfPage":{"@id":"https:\/\/www.microstore.app\/es\/mis-conversaciones-con-los-mayoristas\/#primaryimage"},"image":{"@id":"https:\/\/www.microstore.app\/es\/mis-conversaciones-con-los-mayoristas\/#primaryimage"},"thumbnailUrl":"https:\/\/wp-micro-beta.neyber.tech\/wp-content\/uploads\/2023\/12\/GROUPE_Screen-Comment-gerer-mes-relations-avec-les-grossistes-grace-a-MS-1024x682.png","datePublished":"2023-11-30T01:47:48+00:00","dateModified":"2023-12-19T21:43:06+00:00","breadcrumb":{"@id":"https:\/\/www.microstore.app\/es\/mis-conversaciones-con-los-mayoristas\/#breadcrumb"},"inLanguage":"es","potentialAction":[{"@type":"ReadAction","target":["https:\/\/www.microstore.app\/es\/mis-conversaciones-con-los-mayoristas\/"]}]},{"@type":"ImageObject","inLanguage":"es","@id":"https:\/\/www.microstore.app\/es\/mis-conversaciones-con-los-mayoristas\/#primaryimage","url":"https:\/\/wp-micro-beta.neyber.tech\/wp-content\/uploads\/2023\/12\/GROUPE_Screen-Comment-gerer-mes-relations-avec-les-grossistes-grace-a-MS-1024x682.png","contentUrl":"https:\/\/wp-micro-beta.neyber.tech\/wp-content\/uploads\/2023\/12\/GROUPE_Screen-Comment-gerer-mes-relations-avec-les-grossistes-grace-a-MS-1024x682.png"},{"@type":"BreadcrumbList","@id":"https:\/\/www.microstore.app\/es\/mis-conversaciones-con-los-mayoristas\/#breadcrumb","itemListElement":[{"@type":"ListItem","position":1,"name":"Home","item":"https:\/\/www.microstore.app\/es\/"},{"@type":"ListItem","position":2,"name":"Mis conversaciones con los mayoristas"}]},{"@type":"WebSite","@id":"https:\/\/www.microstore.app\/es\/#website","url":"https:\/\/www.microstore.app\/es\/","name":"Microstore -","description":"Meilleurs grossistes de v\u00eatements en ligne : T\u00e9l\u00e9chargez MicroStore.","publisher":{"@id":"https:\/\/www.microstore.app\/es\/#organization"},"potentialAction":[{"@type":"SearchAction","target":{"@type":"EntryPoint","urlTemplate":"https:\/\/www.microstore.app\/es\/?s={search_term_string}"},"query-input":{"@type":"PropertyValueSpecification","valueRequired":true,"valueName":"search_term_string"}}],"inLanguage":"es"},{"@type":"Organization","@id":"https:\/\/www.microstore.app\/es\/#organization","name":"Microstore -","url":"https:\/\/www.microstore.app\/es\/","logo":{"@type":"ImageObject","inLanguage":"es","@id":"https:\/\/www.microstore.app\/es\/#\/schema\/logo\/image\/","url":"https:\/\/www.microstore.app\/wp-content\/uploads\/2023\/10\/microstore.webp","contentUrl":"https:\/\/www.microstore.app\/wp-content\/uploads\/2023\/10\/microstore.webp","width":830,"height":118,"caption":"Microstore -"},"image":{"@id":"https:\/\/www.microstore.app\/es\/#\/schema\/logo\/image\/"}}]}},"_links":{"self":[{"href":"https:\/\/www.microstore.app\/es\/wp-json\/wp\/v2\/pages\/2862","targetHints":{"allow":["GET"]}}],"collection":[{"href":"https:\/\/www.microstore.app\/es\/wp-json\/wp\/v2\/pages"}],"about":[{"href":"https:\/\/www.microstore.app\/es\/wp-json\/wp\/v2\/types\/page"}],"author":[{"embeddable":true,"href":"https:\/\/www.microstore.app\/es\/wp-json\/wp\/v2\/users\/1"}],"replies":[{"embeddable":true,"href":"https:\/\/www.microstore.app\/es\/wp-json\/wp\/v2\/comments?post=2862"}],"version-history":[{"count":11,"href":"https:\/\/www.microstore.app\/es\/wp-json\/wp\/v2\/pages\/2862\/revisions"}],"predecessor-version":[{"id":3081,"href":"https:\/\/www.microstore.app\/es\/wp-json\/wp\/v2\/pages\/2862\/revisions\/3081"}],"wp:attachment":[{"href":"https:\/\/www.microstore.app\/es\/wp-json\/wp\/v2\/media?parent=2862"}],"curies":[{"name":"wp","href":"https:\/\/api.w.org\/{rel}","templated":true}]}}