{"id":2866,"date":"2023-11-30T01:33:02","date_gmt":"2023-11-30T01:33:02","guid":{"rendered":"https:\/\/wp-micro-beta.neyber.tech\/mis-proveedores-de-ropa\/"},"modified":"2024-01-05T13:33:20","modified_gmt":"2024-01-05T13:33:20","slug":"mis-proveedores-de-ropa","status":"publish","type":"page","link":"https:\/\/www.microstore.app\/es\/mis-proveedores-de-ropa\/","title":{"rendered":"Mis proveedores de ropa"},"content":{"rendered":"\t\t<div data-elementor-type=\"wp-page\" data-elementor-id=\"2866\" class=\"elementor elementor-2866 elementor-2376\" data-elementor-post-type=\"page\">\n\t\t\t\t<div class=\"elementor-element elementor-element-54fd3ae e-flex e-con-boxed e-con e-parent\" data-id=\"54fd3ae\" data-element_type=\"container\">\n\t\t\t\t\t<div class=\"e-con-inner\">\n\t\t\t\t<div class=\"elementor-element elementor-element-fdef0ad elementor-widget elementor-widget-heading\" data-id=\"fdef0ad\" data-element_type=\"widget\" data-widget_type=\"heading.default\">\n\t\t\t\t<div class=\"elementor-widget-container\">\n\t\t\t\t\t<h1 class=\"elementor-heading-title elementor-size-default\">\u00bfC\u00f3mo gestionar mis proveedores de ropa con la aplicaci\u00f3n MicroStore?<\/h1>\t\t\t\t<\/div>\n\t\t\t\t<\/div>\n\t\t\t\t\t<\/div>\n\t\t\t\t<\/div>\n\t\t<div class=\"elementor-element elementor-element-321c51d e-flex e-con-boxed e-con e-parent\" data-id=\"321c51d\" data-element_type=\"container\" data-settings=\"{&quot;background_background&quot;:&quot;classic&quot;}\">\n\t\t\t\t\t<div class=\"e-con-inner\">\n\t\t<div class=\"elementor-element elementor-element-093c818 e-con-full e-flex e-con e-child\" data-id=\"093c818\" data-element_type=\"container\" data-settings=\"{&quot;background_background&quot;:&quot;classic&quot;}\">\n\t\t<div class=\"elementor-element elementor-element-8ceadbf e-con-full e-flex e-con e-child\" data-id=\"8ceadbf\" data-element_type=\"container\">\n\t\t\t\t<div class=\"elementor-element elementor-element-22622ca elementor-widget__width-initial elementor-widget elementor-widget-video\" data-id=\"22622ca\" data-element_type=\"widget\" data-settings=\"{&quot;youtube_url&quot;:&quot;https:\\\/\\\/youtu.be\\\/IZAKoi2Z6c8&quot;,&quot;video_type&quot;:&quot;youtube&quot;,&quot;controls&quot;:&quot;yes&quot;}\" data-widget_type=\"video.default\">\n\t\t\t\t<div class=\"elementor-widget-container\">\n\t\t\t\t\t\t\t<div class=\"elementor-wrapper elementor-open-inline\">\n\t\t\t<div class=\"elementor-video\"><\/div>\t\t<\/div>\n\t\t\t\t\t\t<\/div>\n\t\t\t\t<\/div>\n\t\t\t\t<div class=\"elementor-element elementor-element-5c40df3 elementor-widget elementor-widget-heading\" data-id=\"5c40df3\" data-element_type=\"widget\" id=\"link-11\" data-widget_type=\"heading.default\">\n\t\t\t\t<div class=\"elementor-widget-container\">\n\t\t\t\t\t<h2 class=\"elementor-heading-title elementor-size-default\">\ud83d\udc57 \u00bfC\u00f3mo gestionar mis proveedores de ropa con la aplicaci\u00f3n MicroStore?<\/h2>\t\t\t\t<\/div>\n\t\t\t\t<\/div>\n\t\t\t\t<div class=\"elementor-element elementor-element-ca9a69a elementor-widget__width-initial elementor-widget elementor-widget-text-editor\" data-id=\"ca9a69a\" data-element_type=\"widget\" data-widget_type=\"text-editor.default\">\n\t\t\t\t<div class=\"elementor-widget-container\">\n\t\t\t\t\t\t\t\t\t<p>En esta gu\u00eda informativa, exploraremos c\u00f3mo ver y gestionar sus proveedores en MicroStore.<\/p>\n<p>Siga estos sencillos pasos para organizar sus proveedores favoritos y gestionar aquellos a los que est\u00e1 suscrito.<\/p>\n<p><span style=\"text-decoration: underline;\"><b>Paso 1 : Acceder a la lista de proveedores<\/b><\/span><\/p>\n<ul>\n<li style=\"font-weight: 400;\" aria-level=\"1\"><span style=\"font-weight: 400;\"><strong>Abrir la aplicaci\u00f3n :<\/strong> Inicie la aplicaci\u00f3n MicroStore en su dispositivo.<\/span><\/li>\n<li style=\"font-weight: 400;\" aria-level=\"1\"><span style=\"font-weight: 400;\"><strong>Men\u00fa de opciones : <\/strong>Busque las tres l\u00edneas horizontales, normalmente en la parte superior izquierda de la pantalla. Pulse sobre ellas para abrir el men\u00fa.<\/span><\/li>\n<li style=\"font-weight: 400;\" aria-level=\"1\"><span style=\"font-weight: 400;\"><strong>Cambiar de tienda :<\/strong> Seleccione la opci\u00f3n \u00abCambiar la tienda\u00bb para acceder a la lista completa de sus proveedores de MicroStore.<\/span><\/li>\n<\/ul>\n<p><span style=\"text-decoration: underline;\"><b>Paso 2 : Explorar las categor\u00edas de proveedores<br \/><\/b><\/span><\/p>\n<ul>\n<li style=\"font-weight: 400;\" aria-level=\"1\"><span style=\"font-weight: 400;\"><strong>Proveedores favoritos :<\/strong> Encontrar\u00e1 los proveedores que ha a\u00f1adido como favoritos. Estos proveedores est\u00e1n anclados en la parte superior de su MicroStore para un acceso r\u00e1pido.<\/span><\/li>\n<li style=\"font-weight: 400;\" aria-level=\"1\"><span style=\"font-weight: 400;\"><strong>Proveedores seguidos : <\/strong> Aqu\u00ed aparecen los proveedores que le han dado acceso a su MicroStore y a los que se ha suscrito.<\/span><\/li>\n<\/ul>\n<p><span style=\"text-decoration: underline;\"><b>Paso 3 : A\u00f1adir un proveedor a favoritos<\/b><\/span><\/p>\n<ul>\n<li style=\"font-weight: 400;\" aria-level=\"1\"><span style=\"font-weight: 400;\"><strong>Deslizar para a\u00f1adir :<\/strong> Para a\u00f1adir un proveedor a su lista de favoritos, deslice el dedo hacia la izquierda sobre el perfil del proveedor.<\/span><\/li>\n<li style=\"font-weight: 400;\" aria-level=\"1\"><span style=\"font-weight: 400;\"><strong>Seleccionar \u201c Favorito \u00bb :<\/strong> Una vez que haya arrastrado, seleccione la opci\u00f3n \u00abFavorito\u00bb. El proveedor se a\u00f1adir\u00e1 autom\u00e1ticamente a su lista de favoritos y se fijar\u00e1 en la parte superior de la lista.<\/span><\/li>\n<\/ul>\n\t\t\t\t\t\t\t\t<\/div>\n\t\t\t\t<\/div>\n\t\t\t\t<div class=\"elementor-element elementor-element-7b85fab e-transform elementor-widget elementor-widget-image\" data-id=\"7b85fab\" data-element_type=\"widget\" data-settings=\"{&quot;_transform_scale_effect_hover&quot;:{&quot;unit&quot;:&quot;px&quot;,&quot;size&quot;:1.2,&quot;sizes&quot;:[]},&quot;_transform_scale_effect_hover_tablet&quot;:{&quot;unit&quot;:&quot;px&quot;,&quot;size&quot;:&quot;&quot;,&quot;sizes&quot;:[]},&quot;_transform_scale_effect_hover_mobile&quot;:{&quot;unit&quot;:&quot;px&quot;,&quot;size&quot;:&quot;&quot;,&quot;sizes&quot;:[]}}\" data-widget_type=\"image.default\">\n\t\t\t\t<div class=\"elementor-widget-container\">\n\t\t\t\t\t\t\t\t\t\t\t\t\t\t\t<img fetchpriority=\"high\" decoding=\"async\" width=\"800\" height=\"533\" src=\"https:\/\/www.microstore.app\/wp-content\/uploads\/2023\/12\/GROUPE_Screen-Comment-gerer-mes-fournisseurs-de-vetement-avec-MS-1024x682.png\" class=\"attachment-large size-large wp-image-2576\" alt=\"\" srcset=\"https:\/\/www.microstore.app\/wp-content\/uploads\/2023\/12\/GROUPE_Screen-Comment-gerer-mes-fournisseurs-de-vetement-avec-MS-1024x682.png 1024w, https:\/\/www.microstore.app\/wp-content\/uploads\/2023\/12\/GROUPE_Screen-Comment-gerer-mes-fournisseurs-de-vetement-avec-MS-300x200.png 300w, https:\/\/www.microstore.app\/wp-content\/uploads\/2023\/12\/GROUPE_Screen-Comment-gerer-mes-fournisseurs-de-vetement-avec-MS-768x512.png 768w, https:\/\/www.microstore.app\/wp-content\/uploads\/2023\/12\/GROUPE_Screen-Comment-gerer-mes-fournisseurs-de-vetement-avec-MS-1536x1024.png 1536w, https:\/\/www.microstore.app\/wp-content\/uploads\/2023\/12\/GROUPE_Screen-Comment-gerer-mes-fournisseurs-de-vetement-avec-MS.png 2000w\" sizes=\"(max-width: 800px) 100vw, 800px\" \/>\t\t\t\t\t\t\t\t\t\t\t\t\t\t\t<\/div>\n\t\t\t\t<\/div>\n\t\t\t\t<div class=\"elementor-element elementor-element-fe62724 elementor-widget__width-initial elementor-widget elementor-widget-text-editor\" data-id=\"fe62724\" data-element_type=\"widget\" data-widget_type=\"text-editor.default\">\n\t\t\t\t<div class=\"elementor-widget-container\">\n\t\t\t\t\t\t\t\t\t<h3 style=\"padding-left: 40px;\"><b>\ud83e\udd29 Consejos pr\u00e1cticos<\/b><b>:<\/b><\/h3>\n<ul>\n<li style=\"font-weight: 400;\" aria-level=\"1\"><span style=\"font-weight: 400;\"><strong>Utilice proveedores favoritos<\/strong> para organizar sus fuentes preferidas y simplificar su proceso de pedido.<\/span><\/li>\n<li style=\"font-weight: 400;\" aria-level=\"1\"><span style=\"font-weight: 400;\">&nbsp;<strong>Gestione los proveedores<\/strong> a los que est\u00e1 suscrito para mantenerse informado de las \u00faltimas ofertas y actualizaciones.<\/span><\/li>\n<li style=\"font-weight: 400;\" aria-level=\"1\"><span style=\"font-weight: 400;\">&nbsp;<strong>Los proveedores favoritos<\/strong> anclados en la parte superior proporcionan un acceso r\u00e1pido a sus contactos m\u00e1s importantes.<\/span><\/li>\n<\/ul>\t\t\t\t\t\t\t\t<\/div>\n\t\t\t\t<\/div>\n\t\t\t\t<div class=\"elementor-element elementor-element-a4771db elementor-widget__width-initial elementor-widget elementor-widget-text-editor\" data-id=\"a4771db\" data-element_type=\"widget\" data-widget_type=\"text-editor.default\">\n\t\t\t\t<div class=\"elementor-widget-container\">\n\t\t\t\t\t\t\t\t\t<p><span style=\"font-weight: 400;\">Siguiendo estos sencillos pasos, podr\u00e1 ver, organizar y gestionar eficazmente a sus proveedores en MicroStore. Disfrute de una experiencia de gesti\u00f3n simplificada para optimizar su proceso de compras.<\/span><\/p>\n\t\t\t\t\t\t\t\t<\/div>\n\t\t\t\t<\/div>\n\t\t\t\t<\/div>\n\t\t\t\t<\/div>\n\t\t<div class=\"elementor-element elementor-element-aa0a6b9 e-flex e-con-boxed e-con e-child\" data-id=\"aa0a6b9\" data-element_type=\"container\">\n\t\t\t\t\t<div class=\"e-con-inner\">\n\t\t\t\t<div class=\"elementor-element elementor-element-df1db6e elementor-widget elementor-widget-heading\" data-id=\"df1db6e\" data-element_type=\"widget\" data-widget_type=\"heading.default\">\n\t\t\t\t<div class=\"elementor-widget-container\">\n\t\t\t\t\t<h2 class=\"elementor-heading-title elementor-size-default\">\u00bfQuiere ir m\u00e1s lejos? \n<\/h2>\t\t\t\t<\/div>\n\t\t\t\t<\/div>\n\t\t<div class=\"elementor-element elementor-element-a29c697 e-flex e-con-boxed e-con e-child\" data-id=\"a29c697\" data-element_type=\"container\">\n\t\t\t\t\t<div class=\"e-con-inner\">\n\t\t<div class=\"elementor-element elementor-element-e5bd553 e-flex e-con-boxed e-con e-child\" data-id=\"e5bd553\" data-element_type=\"container\">\n\t\t\t\t\t<div class=\"e-con-inner\">\n\t\t\t\t<div class=\"elementor-element elementor-element-caa9086 elementor-icon-list--layout-traditional elementor-list-item-link-full_width elementor-widget elementor-widget-icon-list\" data-id=\"caa9086\" data-element_type=\"widget\" data-widget_type=\"icon-list.default\">\n\t\t\t\t<div class=\"elementor-widget-container\">\n\t\t\t\t\t\t\t<ul class=\"elementor-icon-list-items\">\n\t\t\t\t\t\t\t<li class=\"elementor-icon-list-item\">\n\t\t\t\t\t\t\t\t\t\t\t<a href=\"\/es\/trouver-des-fournisseurs\/\">\n\n\t\t\t\t\t\t\t\t\t\t\t\t<span class=\"elementor-icon-list-icon\">\n\t\t\t\t\t\t\t<svg aria-hidden=\"true\" class=\"e-font-icon-svg e-fas-circle\" viewBox=\"0 0 512 512\" xmlns=\"http:\/\/www.w3.org\/2000\/svg\"><path d=\"M256 8C119 8 8 119 8 256s111 248 248 248 248-111 248-248S393 8 256 8z\"><\/path><\/svg>\t\t\t\t\t\t<\/span>\n\t\t\t\t\t\t\t\t\t\t<span class=\"elementor-icon-list-text\">Encontrar proveedores<\/span>\n\t\t\t\t\t\t\t\t\t\t\t<\/a>\n\t\t\t\t\t\t\t\t\t<\/li>\n\t\t\t\t\t\t\t\t<li class=\"elementor-icon-list-item\">\n\t\t\t\t\t\t\t\t\t\t\t<a href=\"\/es\/encontrar-proveedores-mis-pedidos-en-microstore\/\">\n\n\t\t\t\t\t\t\t\t\t\t\t\t<span class=\"elementor-icon-list-icon\">\n\t\t\t\t\t\t\t<svg aria-hidden=\"true\" class=\"e-font-icon-svg e-fas-circle\" viewBox=\"0 0 512 512\" xmlns=\"http:\/\/www.w3.org\/2000\/svg\"><path d=\"M256 8C119 8 8 119 8 256s111 248 248 248 248-111 248-248S393 8 256 8z\"><\/path><\/svg>\t\t\t\t\t\t<\/span>\n\t\t\t\t\t\t\t\t\t\t<span class=\"elementor-icon-list-text\">Mis pedidos en MicroStore<\/span>\n\t\t\t\t\t\t\t\t\t\t\t<\/a>\n\t\t\t\t\t\t\t\t\t<\/li>\n\t\t\t\t\t\t<\/ul>\n\t\t\t\t\t\t<\/div>\n\t\t\t\t<\/div>\n\t\t\t\t\t<\/div>\n\t\t\t\t<\/div>\n\t\t<div class=\"elementor-element elementor-element-ee2dd34 e-flex e-con-boxed e-con e-child\" data-id=\"ee2dd34\" data-element_type=\"container\">\n\t\t\t\t\t<div class=\"e-con-inner\">\n\t\t\t\t<div class=\"elementor-element elementor-element-bd780b3 elementor-icon-list--layout-traditional elementor-list-item-link-full_width elementor-widget elementor-widget-icon-list\" data-id=\"bd780b3\" data-element_type=\"widget\" data-widget_type=\"icon-list.default\">\n\t\t\t\t<div class=\"elementor-widget-container\">\n\t\t\t\t\t\t\t<ul class=\"elementor-icon-list-items\">\n\t\t\t\t\t\t\t<li class=\"elementor-icon-list-item\">\n\t\t\t\t\t\t\t\t\t\t\t<a href=\"\/es\/mon-compte\/\">\n\n\t\t\t\t\t\t\t\t\t\t\t\t<span class=\"elementor-icon-list-icon\">\n\t\t\t\t\t\t\t<svg aria-hidden=\"true\" class=\"e-font-icon-svg e-fas-circle\" viewBox=\"0 0 512 512\" xmlns=\"http:\/\/www.w3.org\/2000\/svg\"><path d=\"M256 8C119 8 8 119 8 256s111 248 248 248 248-111 248-248S393 8 256 8z\"><\/path><\/svg>\t\t\t\t\t\t<\/span>\n\t\t\t\t\t\t\t\t\t\t<span class=\"elementor-icon-list-text\">Mi cuenta<\/span>\n\t\t\t\t\t\t\t\t\t\t\t<\/a>\n\t\t\t\t\t\t\t\t\t<\/li>\n\t\t\t\t\t\t\t\t<li class=\"elementor-icon-list-item\">\n\t\t\t\t\t\t\t\t\t\t\t<a href=\"\/es\/mis-conversaciones-con-los-mayoristas\/\">\n\n\t\t\t\t\t\t\t\t\t\t\t\t<span class=\"elementor-icon-list-icon\">\n\t\t\t\t\t\t\t<svg aria-hidden=\"true\" class=\"e-font-icon-svg e-fas-circle\" viewBox=\"0 0 512 512\" xmlns=\"http:\/\/www.w3.org\/2000\/svg\"><path d=\"M256 8C119 8 8 119 8 256s111 248 248 248 248-111 248-248S393 8 256 8z\"><\/path><\/svg>\t\t\t\t\t\t<\/span>\n\t\t\t\t\t\t\t\t\t\t<span class=\"elementor-icon-list-text\">Mis conversaciones con los mayoristas <\/span>\n\t\t\t\t\t\t\t\t\t\t\t<\/a>\n\t\t\t\t\t\t\t\t\t<\/li>\n\t\t\t\t\t\t<\/ul>\n\t\t\t\t\t\t<\/div>\n\t\t\t\t<\/div>\n\t\t\t\t\t<\/div>\n\t\t\t\t<\/div>\n\t\t\t\t\t<\/div>\n\t\t\t\t<\/div>\n\t\t\t\t\t<\/div>\n\t\t\t\t<\/div>\n\t\t\t\t\t<\/div>\n\t\t\t\t<\/div>\n\t\t\t\t<\/div>\n\t\t","protected":false},"excerpt":{"rendered":"<p>\u00bfC\u00f3mo gestionar mis proveedores de ropa con la aplicaci\u00f3n MicroStore? \ud83d\udc57 \u00bfC\u00f3mo gestionar mis proveedores de ropa con la aplicaci\u00f3n MicroStore? En esta gu\u00eda informativa, exploraremos c\u00f3mo ver y gestionar sus proveedores en MicroStore. Siga estos sencillos pasos para organizar sus proveedores favoritos y gestionar aquellos a los que est\u00e1 suscrito. Paso 1 : Acceder [&hellip;]<\/p>\n","protected":false},"author":1,"featured_media":0,"parent":0,"menu_order":0,"comment_status":"closed","ping_status":"closed","template":"","meta":{"footnotes":""},"class_list":["post-2866","page","type-page","status-publish","hentry"],"yoast_head":"<!-- This site is optimized with the Yoast SEO plugin v26.7 - https:\/\/yoast.com\/wordpress\/plugins\/seo\/ -->\n<title>Mis proveedores de ropa - Microstore -<\/title>\n<meta name=\"robots\" content=\"index, follow, max-snippet:-1, max-image-preview:large, max-video-preview:-1\" \/>\n<link rel=\"canonical\" href=\"https:\/\/www.microstore.app\/es\/mis-proveedores-de-ropa\/\" \/>\n<meta property=\"og:locale\" content=\"es_ES\" \/>\n<meta property=\"og:type\" content=\"article\" \/>\n<meta property=\"og:title\" content=\"Mis proveedores de ropa - Microstore -\" \/>\n<meta property=\"og:description\" content=\"\u00bfC\u00f3mo gestionar mis proveedores de ropa con la aplicaci\u00f3n MicroStore? \ud83d\udc57 \u00bfC\u00f3mo gestionar mis proveedores de ropa con la aplicaci\u00f3n MicroStore? En esta gu\u00eda informativa, exploraremos c\u00f3mo ver y gestionar sus proveedores en MicroStore. Siga estos sencillos pasos para organizar sus proveedores favoritos y gestionar aquellos a los que est\u00e1 suscrito. Paso 1 : Acceder [&hellip;]\" \/>\n<meta property=\"og:url\" content=\"https:\/\/www.microstore.app\/es\/mis-proveedores-de-ropa\/\" \/>\n<meta property=\"og:site_name\" content=\"Microstore -\" \/>\n<meta property=\"article:modified_time\" content=\"2024-01-05T13:33:20+00:00\" \/>\n<meta property=\"og:image\" content=\"https:\/\/www.microstore.app\/wp-content\/uploads\/2023\/12\/GROUPE_Screen-Comment-gerer-mes-fournisseurs-de-vetement-avec-MS-1024x682.png\" \/>\n<meta name=\"twitter:card\" content=\"summary_large_image\" \/>\n<meta name=\"twitter:label1\" content=\"Tiempo de lectura\" \/>\n\t<meta name=\"twitter:data1\" content=\"2 minutos\" \/>\n<script type=\"application\/ld+json\" class=\"yoast-schema-graph\">{\"@context\":\"https:\/\/schema.org\",\"@graph\":[{\"@type\":\"WebPage\",\"@id\":\"https:\/\/www.microstore.app\/es\/mis-proveedores-de-ropa\/\",\"url\":\"https:\/\/www.microstore.app\/es\/mis-proveedores-de-ropa\/\",\"name\":\"Mis proveedores de ropa - Microstore -\",\"isPartOf\":{\"@id\":\"https:\/\/www.microstore.app\/es\/#website\"},\"primaryImageOfPage\":{\"@id\":\"https:\/\/www.microstore.app\/es\/mis-proveedores-de-ropa\/#primaryimage\"},\"image\":{\"@id\":\"https:\/\/www.microstore.app\/es\/mis-proveedores-de-ropa\/#primaryimage\"},\"thumbnailUrl\":\"https:\/\/www.microstore.app\/wp-content\/uploads\/2023\/12\/GROUPE_Screen-Comment-gerer-mes-fournisseurs-de-vetement-avec-MS-1024x682.png\",\"datePublished\":\"2023-11-30T01:33:02+00:00\",\"dateModified\":\"2024-01-05T13:33:20+00:00\",\"breadcrumb\":{\"@id\":\"https:\/\/www.microstore.app\/es\/mis-proveedores-de-ropa\/#breadcrumb\"},\"inLanguage\":\"es\",\"potentialAction\":[{\"@type\":\"ReadAction\",\"target\":[\"https:\/\/www.microstore.app\/es\/mis-proveedores-de-ropa\/\"]}]},{\"@type\":\"ImageObject\",\"inLanguage\":\"es\",\"@id\":\"https:\/\/www.microstore.app\/es\/mis-proveedores-de-ropa\/#primaryimage\",\"url\":\"https:\/\/www.microstore.app\/wp-content\/uploads\/2023\/12\/GROUPE_Screen-Comment-gerer-mes-fournisseurs-de-vetement-avec-MS-1024x682.png\",\"contentUrl\":\"https:\/\/www.microstore.app\/wp-content\/uploads\/2023\/12\/GROUPE_Screen-Comment-gerer-mes-fournisseurs-de-vetement-avec-MS-1024x682.png\"},{\"@type\":\"BreadcrumbList\",\"@id\":\"https:\/\/www.microstore.app\/es\/mis-proveedores-de-ropa\/#breadcrumb\",\"itemListElement\":[{\"@type\":\"ListItem\",\"position\":1,\"name\":\"Home\",\"item\":\"https:\/\/www.microstore.app\/es\/\"},{\"@type\":\"ListItem\",\"position\":2,\"name\":\"Mis proveedores de ropa\"}]},{\"@type\":\"WebSite\",\"@id\":\"https:\/\/www.microstore.app\/es\/#website\",\"url\":\"https:\/\/www.microstore.app\/es\/\",\"name\":\"Microstore -\",\"description\":\"Meilleurs grossistes de v\u00eatements en ligne : T\u00e9l\u00e9chargez MicroStore.\",\"publisher\":{\"@id\":\"https:\/\/www.microstore.app\/es\/#organization\"},\"potentialAction\":[{\"@type\":\"SearchAction\",\"target\":{\"@type\":\"EntryPoint\",\"urlTemplate\":\"https:\/\/www.microstore.app\/es\/?s={search_term_string}\"},\"query-input\":{\"@type\":\"PropertyValueSpecification\",\"valueRequired\":true,\"valueName\":\"search_term_string\"}}],\"inLanguage\":\"es\"},{\"@type\":\"Organization\",\"@id\":\"https:\/\/www.microstore.app\/es\/#organization\",\"name\":\"Microstore -\",\"url\":\"https:\/\/www.microstore.app\/es\/\",\"logo\":{\"@type\":\"ImageObject\",\"inLanguage\":\"es\",\"@id\":\"https:\/\/www.microstore.app\/es\/#\/schema\/logo\/image\/\",\"url\":\"https:\/\/www.microstore.app\/wp-content\/uploads\/2023\/10\/microstore.webp\",\"contentUrl\":\"https:\/\/www.microstore.app\/wp-content\/uploads\/2023\/10\/microstore.webp\",\"width\":830,\"height\":118,\"caption\":\"Microstore -\"},\"image\":{\"@id\":\"https:\/\/www.microstore.app\/es\/#\/schema\/logo\/image\/\"}}]}<\/script>\n<!-- \/ Yoast SEO plugin. -->","yoast_head_json":{"title":"Mis proveedores de ropa - Microstore -","robots":{"index":"index","follow":"follow","max-snippet":"max-snippet:-1","max-image-preview":"max-image-preview:large","max-video-preview":"max-video-preview:-1"},"canonical":"https:\/\/www.microstore.app\/es\/mis-proveedores-de-ropa\/","og_locale":"es_ES","og_type":"article","og_title":"Mis proveedores de ropa - Microstore -","og_description":"\u00bfC\u00f3mo gestionar mis proveedores de ropa con la aplicaci\u00f3n MicroStore? \ud83d\udc57 \u00bfC\u00f3mo gestionar mis proveedores de ropa con la aplicaci\u00f3n MicroStore? En esta gu\u00eda informativa, exploraremos c\u00f3mo ver y gestionar sus proveedores en MicroStore. Siga estos sencillos pasos para organizar sus proveedores favoritos y gestionar aquellos a los que est\u00e1 suscrito. Paso 1 : Acceder [&hellip;]","og_url":"https:\/\/www.microstore.app\/es\/mis-proveedores-de-ropa\/","og_site_name":"Microstore -","article_modified_time":"2024-01-05T13:33:20+00:00","og_image":[{"url":"https:\/\/www.microstore.app\/wp-content\/uploads\/2023\/12\/GROUPE_Screen-Comment-gerer-mes-fournisseurs-de-vetement-avec-MS-1024x682.png","type":"","width":"","height":""}],"twitter_card":"summary_large_image","twitter_misc":{"Tiempo de lectura":"2 minutos"},"schema":{"@context":"https:\/\/schema.org","@graph":[{"@type":"WebPage","@id":"https:\/\/www.microstore.app\/es\/mis-proveedores-de-ropa\/","url":"https:\/\/www.microstore.app\/es\/mis-proveedores-de-ropa\/","name":"Mis proveedores de ropa - Microstore -","isPartOf":{"@id":"https:\/\/www.microstore.app\/es\/#website"},"primaryImageOfPage":{"@id":"https:\/\/www.microstore.app\/es\/mis-proveedores-de-ropa\/#primaryimage"},"image":{"@id":"https:\/\/www.microstore.app\/es\/mis-proveedores-de-ropa\/#primaryimage"},"thumbnailUrl":"https:\/\/www.microstore.app\/wp-content\/uploads\/2023\/12\/GROUPE_Screen-Comment-gerer-mes-fournisseurs-de-vetement-avec-MS-1024x682.png","datePublished":"2023-11-30T01:33:02+00:00","dateModified":"2024-01-05T13:33:20+00:00","breadcrumb":{"@id":"https:\/\/www.microstore.app\/es\/mis-proveedores-de-ropa\/#breadcrumb"},"inLanguage":"es","potentialAction":[{"@type":"ReadAction","target":["https:\/\/www.microstore.app\/es\/mis-proveedores-de-ropa\/"]}]},{"@type":"ImageObject","inLanguage":"es","@id":"https:\/\/www.microstore.app\/es\/mis-proveedores-de-ropa\/#primaryimage","url":"https:\/\/www.microstore.app\/wp-content\/uploads\/2023\/12\/GROUPE_Screen-Comment-gerer-mes-fournisseurs-de-vetement-avec-MS-1024x682.png","contentUrl":"https:\/\/www.microstore.app\/wp-content\/uploads\/2023\/12\/GROUPE_Screen-Comment-gerer-mes-fournisseurs-de-vetement-avec-MS-1024x682.png"},{"@type":"BreadcrumbList","@id":"https:\/\/www.microstore.app\/es\/mis-proveedores-de-ropa\/#breadcrumb","itemListElement":[{"@type":"ListItem","position":1,"name":"Home","item":"https:\/\/www.microstore.app\/es\/"},{"@type":"ListItem","position":2,"name":"Mis proveedores de ropa"}]},{"@type":"WebSite","@id":"https:\/\/www.microstore.app\/es\/#website","url":"https:\/\/www.microstore.app\/es\/","name":"Microstore -","description":"Meilleurs grossistes de v\u00eatements en ligne : T\u00e9l\u00e9chargez MicroStore.","publisher":{"@id":"https:\/\/www.microstore.app\/es\/#organization"},"potentialAction":[{"@type":"SearchAction","target":{"@type":"EntryPoint","urlTemplate":"https:\/\/www.microstore.app\/es\/?s={search_term_string}"},"query-input":{"@type":"PropertyValueSpecification","valueRequired":true,"valueName":"search_term_string"}}],"inLanguage":"es"},{"@type":"Organization","@id":"https:\/\/www.microstore.app\/es\/#organization","name":"Microstore -","url":"https:\/\/www.microstore.app\/es\/","logo":{"@type":"ImageObject","inLanguage":"es","@id":"https:\/\/www.microstore.app\/es\/#\/schema\/logo\/image\/","url":"https:\/\/www.microstore.app\/wp-content\/uploads\/2023\/10\/microstore.webp","contentUrl":"https:\/\/www.microstore.app\/wp-content\/uploads\/2023\/10\/microstore.webp","width":830,"height":118,"caption":"Microstore -"},"image":{"@id":"https:\/\/www.microstore.app\/es\/#\/schema\/logo\/image\/"}}]}},"_links":{"self":[{"href":"https:\/\/www.microstore.app\/es\/wp-json\/wp\/v2\/pages\/2866","targetHints":{"allow":["GET"]}}],"collection":[{"href":"https:\/\/www.microstore.app\/es\/wp-json\/wp\/v2\/pages"}],"about":[{"href":"https:\/\/www.microstore.app\/es\/wp-json\/wp\/v2\/types\/page"}],"author":[{"embeddable":true,"href":"https:\/\/www.microstore.app\/es\/wp-json\/wp\/v2\/users\/1"}],"replies":[{"embeddable":true,"href":"https:\/\/www.microstore.app\/es\/wp-json\/wp\/v2\/comments?post=2866"}],"version-history":[{"count":9,"href":"https:\/\/www.microstore.app\/es\/wp-json\/wp\/v2\/pages\/2866\/revisions"}],"predecessor-version":[{"id":3272,"href":"https:\/\/www.microstore.app\/es\/wp-json\/wp\/v2\/pages\/2866\/revisions\/3272"}],"wp:attachment":[{"href":"https:\/\/www.microstore.app\/es\/wp-json\/wp\/v2\/media?parent=2866"}],"curies":[{"name":"wp","href":"https:\/\/api.w.org\/{rel}","templated":true}]}}