{"id":2882,"date":"2023-11-30T01:33:02","date_gmt":"2023-11-30T01:33:02","guid":{"rendered":"https:\/\/wp-micro-beta.neyber.tech\/os-meus-fornecedores-de-vestuario\/"},"modified":"2024-01-05T11:54:08","modified_gmt":"2024-01-05T11:54:08","slug":"os-meus-fornecedores-de-vestuario","status":"publish","type":"page","link":"https:\/\/www.microstore.app\/pt-pt\/os-meus-fornecedores-de-vestuario\/","title":{"rendered":"Os meus fornecedores de vestu\u00e1rio"},"content":{"rendered":"\t\t<div data-elementor-type=\"wp-page\" data-elementor-id=\"2882\" class=\"elementor elementor-2882 elementor-2376\" data-elementor-post-type=\"page\">\n\t\t\t\t<div class=\"elementor-element elementor-element-54fd3ae e-flex e-con-boxed e-con e-parent\" data-id=\"54fd3ae\" data-element_type=\"container\">\n\t\t\t\t\t<div class=\"e-con-inner\">\n\t\t\t\t<div class=\"elementor-element elementor-element-fdef0ad elementor-widget elementor-widget-heading\" data-id=\"fdef0ad\" data-element_type=\"widget\" data-widget_type=\"heading.default\">\n\t\t\t\t<div class=\"elementor-widget-container\">\n\t\t\t\t\t<h1 class=\"elementor-heading-title elementor-size-default\">Como gerir os meus fornecedores de vestu\u00e1rio com a aplica\u00e7\u00e3o MicroStore ?<\/h1>\t\t\t\t<\/div>\n\t\t\t\t<\/div>\n\t\t\t\t\t<\/div>\n\t\t\t\t<\/div>\n\t\t<div class=\"elementor-element elementor-element-321c51d e-flex e-con-boxed e-con e-parent\" data-id=\"321c51d\" data-element_type=\"container\" data-settings=\"{&quot;background_background&quot;:&quot;classic&quot;}\">\n\t\t\t\t\t<div class=\"e-con-inner\">\n\t\t<div class=\"elementor-element elementor-element-093c818 e-con-full e-flex e-con e-child\" data-id=\"093c818\" data-element_type=\"container\" data-settings=\"{&quot;background_background&quot;:&quot;classic&quot;}\">\n\t\t<div class=\"elementor-element elementor-element-8ceadbf e-con-full e-flex e-con e-child\" data-id=\"8ceadbf\" data-element_type=\"container\">\n\t\t\t\t<div class=\"elementor-element elementor-element-22622ca elementor-widget__width-initial elementor-widget elementor-widget-video\" data-id=\"22622ca\" data-element_type=\"widget\" data-settings=\"{&quot;youtube_url&quot;:&quot;https:\\\/\\\/youtu.be\\\/HtLTmqFP0AI&quot;,&quot;video_type&quot;:&quot;youtube&quot;,&quot;controls&quot;:&quot;yes&quot;}\" data-widget_type=\"video.default\">\n\t\t\t\t<div class=\"elementor-widget-container\">\n\t\t\t\t\t\t\t<div class=\"elementor-wrapper elementor-open-inline\">\n\t\t\t<div class=\"elementor-video\"><\/div>\t\t<\/div>\n\t\t\t\t\t\t<\/div>\n\t\t\t\t<\/div>\n\t\t\t\t<div class=\"elementor-element elementor-element-5c40df3 elementor-widget elementor-widget-heading\" data-id=\"5c40df3\" data-element_type=\"widget\" id=\"link-11\" data-widget_type=\"heading.default\">\n\t\t\t\t<div class=\"elementor-widget-container\">\n\t\t\t\t\t<h2 class=\"elementor-heading-title elementor-size-default\">\ud83d\udc57 Como gerir os meus fornecedores de vestu\u00e1rio com a aplica\u00e7\u00e3o MicroStore ?<\/h2>\t\t\t\t<\/div>\n\t\t\t\t<\/div>\n\t\t\t\t<div class=\"elementor-element elementor-element-ca9a69a elementor-widget__width-initial elementor-widget elementor-widget-text-editor\" data-id=\"ca9a69a\" data-element_type=\"widget\" data-widget_type=\"text-editor.default\">\n\t\t\t\t<div class=\"elementor-widget-container\">\n\t\t\t\t\t\t\t\t\t<p>Neste guia informativo, vamos explorar como visualizar e gerir os seus fornecedores no MicroStore.<\/p>\n<p>Siga estes passos simples para organizar os seus fornecedores favoritos e gerir os que subscreveu.<\/p>\n<p><span style=\"text-decoration: underline;\"><b>Passo 1 : Aceder \u00e0 lista de fornecedores<\/b><\/span><\/p>\n<ul>\n<li style=\"font-weight: 400;\" aria-level=\"1\"><span style=\"font-weight: 400;\"><strong>Abrir a aplica\u00e7\u00e3o :<\/strong> Inicie a aplica\u00e7\u00e3o MicroStore no seu dispositivo.<\/span><\/li>\n<li style=\"font-weight: 400;\" aria-level=\"1\"><span style=\"font-weight: 400;\"><strong>Menu de op\u00e7\u00f5es :<\/strong> Procure as tr\u00eas linhas horizontais, normalmente no canto superior esquerdo do ecr\u00e3. Clique nelas para abrir o menu.<\/span><\/li>\n<li style=\"font-weight: 400;\" aria-level=\"1\"><span style=\"font-weight: 400;\"><strong>Alterar loja :<\/strong> Selecione a op\u00e7\u00e3o \u201c Trocar de loja &#8221; para aceder \u00e0 lista completa dos seus fornecedores MicroStore.<\/span><\/li>\n<\/ul>\n<p><span style=\"text-decoration: underline;\"><b>Passo 2 : Explorar as categorias de fornecedores<br \/><\/b><\/span><\/p>\n<ul>\n<li style=\"font-weight: 400;\" aria-level=\"1\"><span style=\"font-weight: 400;\"><strong>Fornecedores favoritos :<\/strong> Encontrar\u00e1 os fornecedores que adicionou como favoritos. Estes fornecedores est\u00e3o fixados na parte superior do seu MicroStore para um acesso r\u00e1pido.<\/span><\/li>\n<li style=\"font-weight: 400;\" aria-level=\"1\"><span style=\"font-weight: 400;\"><strong>Fornecedores subscritos :<\/strong> Os fornecedores que lhe deram acesso ao seu MicroStore e aos quais se inscreveu est\u00e3o listados aqui.<\/span><\/li>\n<\/ul>\n<p><span style=\"text-decoration: underline;\"><b>Passo 3 : Adicionar um fornecedor aos favoritos<\/b><\/span><\/p>\n<ul>\n<li style=\"font-weight: 400;\" aria-level=\"1\"><span style=\"font-weight: 400;\"><strong>Deslizar para adicionar :<\/strong> para adicionar um fornecedor \u00e0 sua lista de favoritos, deslize o dedo para a esquerda sobre o perfil do fornecedor.<\/span><\/li>\n<li style=\"font-weight: 400;\" aria-level=\"1\"><span style=\"font-weight: 400;\"><strong>Selecionar \u201c Favorito \u201d :<\/strong> depois de arrastar, selecione a op\u00e7\u00e3o &#8220;Favorito&#8221;. O fornecedor ser\u00e1 automaticamente adicionado \u00e0 sua lista de Favoritos e colocado no topo da lista.<\/span><\/li>\n<\/ul>\n\t\t\t\t\t\t\t\t<\/div>\n\t\t\t\t<\/div>\n\t\t\t\t<div class=\"elementor-element elementor-element-7b85fab e-transform elementor-widget elementor-widget-image\" data-id=\"7b85fab\" data-element_type=\"widget\" data-settings=\"{&quot;_transform_scale_effect_hover&quot;:{&quot;unit&quot;:&quot;px&quot;,&quot;size&quot;:1.2,&quot;sizes&quot;:[]},&quot;_transform_scale_effect_hover_tablet&quot;:{&quot;unit&quot;:&quot;px&quot;,&quot;size&quot;:&quot;&quot;,&quot;sizes&quot;:[]},&quot;_transform_scale_effect_hover_mobile&quot;:{&quot;unit&quot;:&quot;px&quot;,&quot;size&quot;:&quot;&quot;,&quot;sizes&quot;:[]}}\" data-widget_type=\"image.default\">\n\t\t\t\t<div class=\"elementor-widget-container\">\n\t\t\t\t\t\t\t\t\t\t\t\t\t\t\t<img fetchpriority=\"high\" decoding=\"async\" width=\"800\" height=\"533\" src=\"https:\/\/www.microstore.app\/wp-content\/uploads\/2023\/12\/GROUPE_Screen-Comment-gerer-mes-fournisseurs-de-vetement-avec-MS-1024x682.png\" class=\"attachment-large size-large wp-image-2575\" alt=\"\" srcset=\"https:\/\/www.microstore.app\/wp-content\/uploads\/2023\/12\/GROUPE_Screen-Comment-gerer-mes-fournisseurs-de-vetement-avec-MS-1024x682.png 1024w, https:\/\/www.microstore.app\/wp-content\/uploads\/2023\/12\/GROUPE_Screen-Comment-gerer-mes-fournisseurs-de-vetement-avec-MS-300x200.png 300w, https:\/\/www.microstore.app\/wp-content\/uploads\/2023\/12\/GROUPE_Screen-Comment-gerer-mes-fournisseurs-de-vetement-avec-MS-768x512.png 768w, https:\/\/www.microstore.app\/wp-content\/uploads\/2023\/12\/GROUPE_Screen-Comment-gerer-mes-fournisseurs-de-vetement-avec-MS-1536x1024.png 1536w, https:\/\/www.microstore.app\/wp-content\/uploads\/2023\/12\/GROUPE_Screen-Comment-gerer-mes-fournisseurs-de-vetement-avec-MS.png 2000w\" sizes=\"(max-width: 800px) 100vw, 800px\" \/>\t\t\t\t\t\t\t\t\t\t\t\t\t\t\t<\/div>\n\t\t\t\t<\/div>\n\t\t\t\t<div class=\"elementor-element elementor-element-fe62724 elementor-widget__width-initial elementor-widget elementor-widget-text-editor\" data-id=\"fe62724\" data-element_type=\"widget\" data-widget_type=\"text-editor.default\">\n\t\t\t\t<div class=\"elementor-widget-container\">\n\t\t\t\t\t\t\t\t\t<h3 style=\"padding-left: 40px;\"><b>\ud83e\udd29 Conselhos pr\u00e1ticos<\/b><b>:<\/b><\/h3>\n<ul>\n<li style=\"font-weight: 400;\" aria-level=\"1\"><span style=\"font-weight: 400;\"><strong>Utilize os fornecedores favoritos<\/strong> para organizar as suas fontes preferidas e simplificar o seu processo de encomenda.<\/span><\/li>\n<li style=\"font-weight: 400;\" aria-level=\"1\"><span style=\"font-weight: 400;\">&nbsp;<strong>Fa\u00e7a a gest\u00e3o dos fornecedores<\/strong> que subscreveu para se manter a par das \u00faltimas ofertas e atualiza\u00e7\u00f5es.<\/span><\/li>\n<li style=\"font-weight: 400;\" aria-level=\"1\"><span style=\"font-weight: 400;\">&nbsp;<strong>Os fornecedores favoritos<\/strong> fixados no topo permitem um acesso r\u00e1pido aos seus contatos mais importantes.<\/span><\/li>\n<\/ul>\t\t\t\t\t\t\t\t<\/div>\n\t\t\t\t<\/div>\n\t\t\t\t<div class=\"elementor-element elementor-element-a4771db elementor-widget__width-initial elementor-widget elementor-widget-text-editor\" data-id=\"a4771db\" data-element_type=\"widget\" data-widget_type=\"text-editor.default\">\n\t\t\t\t<div class=\"elementor-widget-container\">\n\t\t\t\t\t\t\t\t\t<p><span style=\"font-weight: 400;\">Seguindo estes passos simples, poder\u00e1 visualizar, organizar e gerir eficazmente os seus fornecedores no MicroStore. Beneficie de uma experi\u00eancia de gest\u00e3o simplificada para otimizar o seu processo de aquisi\u00e7\u00e3o.<\/span><\/p>\n\t\t\t\t\t\t\t\t<\/div>\n\t\t\t\t<\/div>\n\t\t\t\t<\/div>\n\t\t\t\t<\/div>\n\t\t<div class=\"elementor-element elementor-element-aa0a6b9 e-flex e-con-boxed e-con e-child\" data-id=\"aa0a6b9\" data-element_type=\"container\">\n\t\t\t\t\t<div class=\"e-con-inner\">\n\t\t\t\t<div class=\"elementor-element elementor-element-df1db6e elementor-widget elementor-widget-heading\" data-id=\"df1db6e\" data-element_type=\"widget\" data-widget_type=\"heading.default\">\n\t\t\t\t<div class=\"elementor-widget-container\">\n\t\t\t\t\t<h2 class=\"elementor-heading-title elementor-size-default\">Quer ir mais longe? \n<\/h2>\t\t\t\t<\/div>\n\t\t\t\t<\/div>\n\t\t<div class=\"elementor-element elementor-element-a29c697 e-flex e-con-boxed e-con e-child\" data-id=\"a29c697\" data-element_type=\"container\">\n\t\t\t\t\t<div class=\"e-con-inner\">\n\t\t<div class=\"elementor-element elementor-element-e5bd553 e-flex e-con-boxed e-con e-child\" data-id=\"e5bd553\" data-element_type=\"container\">\n\t\t\t\t\t<div class=\"e-con-inner\">\n\t\t\t\t<div class=\"elementor-element elementor-element-caa9086 elementor-icon-list--layout-traditional elementor-list-item-link-full_width elementor-widget elementor-widget-icon-list\" data-id=\"caa9086\" data-element_type=\"widget\" data-widget_type=\"icon-list.default\">\n\t\t\t\t<div class=\"elementor-widget-container\">\n\t\t\t\t\t\t\t<ul class=\"elementor-icon-list-items\">\n\t\t\t\t\t\t\t<li class=\"elementor-icon-list-item\">\n\t\t\t\t\t\t\t\t\t\t\t<a href=\"\/pt-pt\/trouver-des-fournisseurs\/\">\n\n\t\t\t\t\t\t\t\t\t\t\t\t<span class=\"elementor-icon-list-icon\">\n\t\t\t\t\t\t\t<svg aria-hidden=\"true\" class=\"e-font-icon-svg e-fas-circle\" viewBox=\"0 0 512 512\" xmlns=\"http:\/\/www.w3.org\/2000\/svg\"><path d=\"M256 8C119 8 8 119 8 256s111 248 248 248 248-111 248-248S393 8 256 8z\"><\/path><\/svg>\t\t\t\t\t\t<\/span>\n\t\t\t\t\t\t\t\t\t\t<span class=\"elementor-icon-list-text\">Encontrar fornecedores<\/span>\n\t\t\t\t\t\t\t\t\t\t\t<\/a>\n\t\t\t\t\t\t\t\t\t<\/li>\n\t\t\t\t\t\t\t\t<li class=\"elementor-icon-list-item\">\n\t\t\t\t\t\t\t\t\t\t\t<a href=\"\/pt-pt\/mes-commandes-sur-microstore\/\">\n\n\t\t\t\t\t\t\t\t\t\t\t\t<span class=\"elementor-icon-list-icon\">\n\t\t\t\t\t\t\t<svg aria-hidden=\"true\" class=\"e-font-icon-svg e-fas-circle\" viewBox=\"0 0 512 512\" xmlns=\"http:\/\/www.w3.org\/2000\/svg\"><path d=\"M256 8C119 8 8 119 8 256s111 248 248 248 248-111 248-248S393 8 256 8z\"><\/path><\/svg>\t\t\t\t\t\t<\/span>\n\t\t\t\t\t\t\t\t\t\t<span class=\"elementor-icon-list-text\">As minhas encomendas no MicroStore<\/span>\n\t\t\t\t\t\t\t\t\t\t\t<\/a>\n\t\t\t\t\t\t\t\t\t<\/li>\n\t\t\t\t\t\t<\/ul>\n\t\t\t\t\t\t<\/div>\n\t\t\t\t<\/div>\n\t\t\t\t\t<\/div>\n\t\t\t\t<\/div>\n\t\t<div class=\"elementor-element elementor-element-ee2dd34 e-flex e-con-boxed e-con e-child\" data-id=\"ee2dd34\" data-element_type=\"container\">\n\t\t\t\t\t<div class=\"e-con-inner\">\n\t\t\t\t<div class=\"elementor-element elementor-element-bd780b3 elementor-icon-list--layout-traditional elementor-list-item-link-full_width elementor-widget elementor-widget-icon-list\" data-id=\"bd780b3\" data-element_type=\"widget\" data-widget_type=\"icon-list.default\">\n\t\t\t\t<div class=\"elementor-widget-container\">\n\t\t\t\t\t\t\t<ul class=\"elementor-icon-list-items\">\n\t\t\t\t\t\t\t<li class=\"elementor-icon-list-item\">\n\t\t\t\t\t\t\t\t\t\t\t<a href=\"\/pt-pt\/mon-compte\/\">\n\n\t\t\t\t\t\t\t\t\t\t\t\t<span class=\"elementor-icon-list-icon\">\n\t\t\t\t\t\t\t<svg aria-hidden=\"true\" class=\"e-font-icon-svg e-fas-circle\" viewBox=\"0 0 512 512\" xmlns=\"http:\/\/www.w3.org\/2000\/svg\"><path d=\"M256 8C119 8 8 119 8 256s111 248 248 248 248-111 248-248S393 8 256 8z\"><\/path><\/svg>\t\t\t\t\t\t<\/span>\n\t\t\t\t\t\t\t\t\t\t<span class=\"elementor-icon-list-text\">A minha conta<\/span>\n\t\t\t\t\t\t\t\t\t\t\t<\/a>\n\t\t\t\t\t\t\t\t\t<\/li>\n\t\t\t\t\t\t\t\t<li class=\"elementor-icon-list-item\">\n\t\t\t\t\t\t\t\t\t\t\t<a href=\"\/pt-pt\/mes-discussions\/\">\n\n\t\t\t\t\t\t\t\t\t\t\t\t<span class=\"elementor-icon-list-icon\">\n\t\t\t\t\t\t\t<svg aria-hidden=\"true\" class=\"e-font-icon-svg e-fas-circle\" viewBox=\"0 0 512 512\" xmlns=\"http:\/\/www.w3.org\/2000\/svg\"><path d=\"M256 8C119 8 8 119 8 256s111 248 248 248 248-111 248-248S393 8 256 8z\"><\/path><\/svg>\t\t\t\t\t\t<\/span>\n\t\t\t\t\t\t\t\t\t\t<span class=\"elementor-icon-list-text\">As minhas conversas com os grossistas <\/span>\n\t\t\t\t\t\t\t\t\t\t\t<\/a>\n\t\t\t\t\t\t\t\t\t<\/li>\n\t\t\t\t\t\t<\/ul>\n\t\t\t\t\t\t<\/div>\n\t\t\t\t<\/div>\n\t\t\t\t\t<\/div>\n\t\t\t\t<\/div>\n\t\t\t\t\t<\/div>\n\t\t\t\t<\/div>\n\t\t\t\t\t<\/div>\n\t\t\t\t<\/div>\n\t\t\t\t\t<\/div>\n\t\t\t\t<\/div>\n\t\t\t\t<\/div>\n\t\t","protected":false},"excerpt":{"rendered":"<p>Como gerir os meus fornecedores de vestu\u00e1rio com a aplica\u00e7\u00e3o MicroStore ? \ud83d\udc57 Como gerir os meus fornecedores de vestu\u00e1rio com a aplica\u00e7\u00e3o MicroStore ? Neste guia informativo, vamos explorar como visualizar e gerir os seus fornecedores no MicroStore. Siga estes passos simples para organizar os seus fornecedores favoritos e gerir os que subscreveu. Passo [&hellip;]<\/p>\n","protected":false},"author":1,"featured_media":0,"parent":0,"menu_order":0,"comment_status":"closed","ping_status":"closed","template":"","meta":{"footnotes":""},"class_list":["post-2882","page","type-page","status-publish","hentry"],"yoast_head":"<!-- This site is optimized with the Yoast SEO plugin v26.7 - https:\/\/yoast.com\/wordpress\/plugins\/seo\/ -->\n<title>Os meus fornecedores de vestu\u00e1rio - Microstore -<\/title>\n<meta name=\"robots\" content=\"index, follow, max-snippet:-1, max-image-preview:large, max-video-preview:-1\" \/>\n<link rel=\"canonical\" href=\"https:\/\/www.microstore.app\/pt-pt\/os-meus-fornecedores-de-vestuario\/\" \/>\n<meta property=\"og:locale\" content=\"pt_PT\" \/>\n<meta property=\"og:type\" content=\"article\" \/>\n<meta property=\"og:title\" content=\"Os meus fornecedores de vestu\u00e1rio - Microstore -\" \/>\n<meta property=\"og:description\" content=\"Como gerir os meus fornecedores de vestu\u00e1rio com a aplica\u00e7\u00e3o MicroStore ? \ud83d\udc57 Como gerir os meus fornecedores de vestu\u00e1rio com a aplica\u00e7\u00e3o MicroStore ? Neste guia informativo, vamos explorar como visualizar e gerir os seus fornecedores no MicroStore. Siga estes passos simples para organizar os seus fornecedores favoritos e gerir os que subscreveu. Passo [&hellip;]\" \/>\n<meta property=\"og:url\" content=\"https:\/\/www.microstore.app\/pt-pt\/os-meus-fornecedores-de-vestuario\/\" \/>\n<meta property=\"og:site_name\" content=\"Microstore -\" \/>\n<meta property=\"article:modified_time\" content=\"2024-01-05T11:54:08+00:00\" \/>\n<meta property=\"og:image\" content=\"https:\/\/www.microstore.app\/wp-content\/uploads\/2023\/12\/GROUPE_Screen-Comment-gerer-mes-fournisseurs-de-vetement-avec-MS-1024x682.png\" \/>\n<meta name=\"twitter:card\" content=\"summary_large_image\" \/>\n<meta name=\"twitter:label1\" content=\"Tempo estimado de leitura\" \/>\n\t<meta name=\"twitter:data1\" content=\"2 minutos\" \/>\n<script type=\"application\/ld+json\" class=\"yoast-schema-graph\">{\"@context\":\"https:\/\/schema.org\",\"@graph\":[{\"@type\":\"WebPage\",\"@id\":\"https:\/\/www.microstore.app\/pt-pt\/os-meus-fornecedores-de-vestuario\/\",\"url\":\"https:\/\/www.microstore.app\/pt-pt\/os-meus-fornecedores-de-vestuario\/\",\"name\":\"Os meus fornecedores de vestu\u00e1rio - Microstore -\",\"isPartOf\":{\"@id\":\"https:\/\/www.microstore.app\/pt-pt\/#website\"},\"primaryImageOfPage\":{\"@id\":\"https:\/\/www.microstore.app\/pt-pt\/os-meus-fornecedores-de-vestuario\/#primaryimage\"},\"image\":{\"@id\":\"https:\/\/www.microstore.app\/pt-pt\/os-meus-fornecedores-de-vestuario\/#primaryimage\"},\"thumbnailUrl\":\"https:\/\/www.microstore.app\/wp-content\/uploads\/2023\/12\/GROUPE_Screen-Comment-gerer-mes-fournisseurs-de-vetement-avec-MS-1024x682.png\",\"datePublished\":\"2023-11-30T01:33:02+00:00\",\"dateModified\":\"2024-01-05T11:54:08+00:00\",\"breadcrumb\":{\"@id\":\"https:\/\/www.microstore.app\/pt-pt\/os-meus-fornecedores-de-vestuario\/#breadcrumb\"},\"inLanguage\":\"pt-PT\",\"potentialAction\":[{\"@type\":\"ReadAction\",\"target\":[\"https:\/\/www.microstore.app\/pt-pt\/os-meus-fornecedores-de-vestuario\/\"]}]},{\"@type\":\"ImageObject\",\"inLanguage\":\"pt-PT\",\"@id\":\"https:\/\/www.microstore.app\/pt-pt\/os-meus-fornecedores-de-vestuario\/#primaryimage\",\"url\":\"https:\/\/www.microstore.app\/wp-content\/uploads\/2023\/12\/GROUPE_Screen-Comment-gerer-mes-fournisseurs-de-vetement-avec-MS-1024x682.png\",\"contentUrl\":\"https:\/\/www.microstore.app\/wp-content\/uploads\/2023\/12\/GROUPE_Screen-Comment-gerer-mes-fournisseurs-de-vetement-avec-MS-1024x682.png\"},{\"@type\":\"BreadcrumbList\",\"@id\":\"https:\/\/www.microstore.app\/pt-pt\/os-meus-fornecedores-de-vestuario\/#breadcrumb\",\"itemListElement\":[{\"@type\":\"ListItem\",\"position\":1,\"name\":\"Home\",\"item\":\"https:\/\/www.microstore.app\/pt-pt\/\"},{\"@type\":\"ListItem\",\"position\":2,\"name\":\"Os meus fornecedores de vestu\u00e1rio\"}]},{\"@type\":\"WebSite\",\"@id\":\"https:\/\/www.microstore.app\/pt-pt\/#website\",\"url\":\"https:\/\/www.microstore.app\/pt-pt\/\",\"name\":\"Microstore -\",\"description\":\"Meilleurs grossistes de v\u00eatements en ligne : T\u00e9l\u00e9chargez MicroStore.\",\"publisher\":{\"@id\":\"https:\/\/www.microstore.app\/pt-pt\/#organization\"},\"potentialAction\":[{\"@type\":\"SearchAction\",\"target\":{\"@type\":\"EntryPoint\",\"urlTemplate\":\"https:\/\/www.microstore.app\/pt-pt\/?s={search_term_string}\"},\"query-input\":{\"@type\":\"PropertyValueSpecification\",\"valueRequired\":true,\"valueName\":\"search_term_string\"}}],\"inLanguage\":\"pt-PT\"},{\"@type\":\"Organization\",\"@id\":\"https:\/\/www.microstore.app\/pt-pt\/#organization\",\"name\":\"Microstore -\",\"url\":\"https:\/\/www.microstore.app\/pt-pt\/\",\"logo\":{\"@type\":\"ImageObject\",\"inLanguage\":\"pt-PT\",\"@id\":\"https:\/\/www.microstore.app\/pt-pt\/#\/schema\/logo\/image\/\",\"url\":\"https:\/\/www.microstore.app\/wp-content\/uploads\/2023\/10\/microstore.webp\",\"contentUrl\":\"https:\/\/www.microstore.app\/wp-content\/uploads\/2023\/10\/microstore.webp\",\"width\":830,\"height\":118,\"caption\":\"Microstore -\"},\"image\":{\"@id\":\"https:\/\/www.microstore.app\/pt-pt\/#\/schema\/logo\/image\/\"}}]}<\/script>\n<!-- \/ Yoast SEO plugin. -->","yoast_head_json":{"title":"Os meus fornecedores de vestu\u00e1rio - Microstore -","robots":{"index":"index","follow":"follow","max-snippet":"max-snippet:-1","max-image-preview":"max-image-preview:large","max-video-preview":"max-video-preview:-1"},"canonical":"https:\/\/www.microstore.app\/pt-pt\/os-meus-fornecedores-de-vestuario\/","og_locale":"pt_PT","og_type":"article","og_title":"Os meus fornecedores de vestu\u00e1rio - Microstore -","og_description":"Como gerir os meus fornecedores de vestu\u00e1rio com a aplica\u00e7\u00e3o MicroStore ? \ud83d\udc57 Como gerir os meus fornecedores de vestu\u00e1rio com a aplica\u00e7\u00e3o MicroStore ? Neste guia informativo, vamos explorar como visualizar e gerir os seus fornecedores no MicroStore. Siga estes passos simples para organizar os seus fornecedores favoritos e gerir os que subscreveu. Passo [&hellip;]","og_url":"https:\/\/www.microstore.app\/pt-pt\/os-meus-fornecedores-de-vestuario\/","og_site_name":"Microstore -","article_modified_time":"2024-01-05T11:54:08+00:00","og_image":[{"url":"https:\/\/www.microstore.app\/wp-content\/uploads\/2023\/12\/GROUPE_Screen-Comment-gerer-mes-fournisseurs-de-vetement-avec-MS-1024x682.png","type":"","width":"","height":""}],"twitter_card":"summary_large_image","twitter_misc":{"Tempo estimado de leitura":"2 minutos"},"schema":{"@context":"https:\/\/schema.org","@graph":[{"@type":"WebPage","@id":"https:\/\/www.microstore.app\/pt-pt\/os-meus-fornecedores-de-vestuario\/","url":"https:\/\/www.microstore.app\/pt-pt\/os-meus-fornecedores-de-vestuario\/","name":"Os meus fornecedores de vestu\u00e1rio - Microstore -","isPartOf":{"@id":"https:\/\/www.microstore.app\/pt-pt\/#website"},"primaryImageOfPage":{"@id":"https:\/\/www.microstore.app\/pt-pt\/os-meus-fornecedores-de-vestuario\/#primaryimage"},"image":{"@id":"https:\/\/www.microstore.app\/pt-pt\/os-meus-fornecedores-de-vestuario\/#primaryimage"},"thumbnailUrl":"https:\/\/www.microstore.app\/wp-content\/uploads\/2023\/12\/GROUPE_Screen-Comment-gerer-mes-fournisseurs-de-vetement-avec-MS-1024x682.png","datePublished":"2023-11-30T01:33:02+00:00","dateModified":"2024-01-05T11:54:08+00:00","breadcrumb":{"@id":"https:\/\/www.microstore.app\/pt-pt\/os-meus-fornecedores-de-vestuario\/#breadcrumb"},"inLanguage":"pt-PT","potentialAction":[{"@type":"ReadAction","target":["https:\/\/www.microstore.app\/pt-pt\/os-meus-fornecedores-de-vestuario\/"]}]},{"@type":"ImageObject","inLanguage":"pt-PT","@id":"https:\/\/www.microstore.app\/pt-pt\/os-meus-fornecedores-de-vestuario\/#primaryimage","url":"https:\/\/www.microstore.app\/wp-content\/uploads\/2023\/12\/GROUPE_Screen-Comment-gerer-mes-fournisseurs-de-vetement-avec-MS-1024x682.png","contentUrl":"https:\/\/www.microstore.app\/wp-content\/uploads\/2023\/12\/GROUPE_Screen-Comment-gerer-mes-fournisseurs-de-vetement-avec-MS-1024x682.png"},{"@type":"BreadcrumbList","@id":"https:\/\/www.microstore.app\/pt-pt\/os-meus-fornecedores-de-vestuario\/#breadcrumb","itemListElement":[{"@type":"ListItem","position":1,"name":"Home","item":"https:\/\/www.microstore.app\/pt-pt\/"},{"@type":"ListItem","position":2,"name":"Os meus fornecedores de vestu\u00e1rio"}]},{"@type":"WebSite","@id":"https:\/\/www.microstore.app\/pt-pt\/#website","url":"https:\/\/www.microstore.app\/pt-pt\/","name":"Microstore -","description":"Meilleurs grossistes de v\u00eatements en ligne : T\u00e9l\u00e9chargez MicroStore.","publisher":{"@id":"https:\/\/www.microstore.app\/pt-pt\/#organization"},"potentialAction":[{"@type":"SearchAction","target":{"@type":"EntryPoint","urlTemplate":"https:\/\/www.microstore.app\/pt-pt\/?s={search_term_string}"},"query-input":{"@type":"PropertyValueSpecification","valueRequired":true,"valueName":"search_term_string"}}],"inLanguage":"pt-PT"},{"@type":"Organization","@id":"https:\/\/www.microstore.app\/pt-pt\/#organization","name":"Microstore -","url":"https:\/\/www.microstore.app\/pt-pt\/","logo":{"@type":"ImageObject","inLanguage":"pt-PT","@id":"https:\/\/www.microstore.app\/pt-pt\/#\/schema\/logo\/image\/","url":"https:\/\/www.microstore.app\/wp-content\/uploads\/2023\/10\/microstore.webp","contentUrl":"https:\/\/www.microstore.app\/wp-content\/uploads\/2023\/10\/microstore.webp","width":830,"height":118,"caption":"Microstore -"},"image":{"@id":"https:\/\/www.microstore.app\/pt-pt\/#\/schema\/logo\/image\/"}}]}},"_links":{"self":[{"href":"https:\/\/www.microstore.app\/pt-pt\/wp-json\/wp\/v2\/pages\/2882","targetHints":{"allow":["GET"]}}],"collection":[{"href":"https:\/\/www.microstore.app\/pt-pt\/wp-json\/wp\/v2\/pages"}],"about":[{"href":"https:\/\/www.microstore.app\/pt-pt\/wp-json\/wp\/v2\/types\/page"}],"author":[{"embeddable":true,"href":"https:\/\/www.microstore.app\/pt-pt\/wp-json\/wp\/v2\/users\/1"}],"replies":[{"embeddable":true,"href":"https:\/\/www.microstore.app\/pt-pt\/wp-json\/wp\/v2\/comments?post=2882"}],"version-history":[{"count":10,"href":"https:\/\/www.microstore.app\/pt-pt\/wp-json\/wp\/v2\/pages\/2882\/revisions"}],"predecessor-version":[{"id":3259,"href":"https:\/\/www.microstore.app\/pt-pt\/wp-json\/wp\/v2\/pages\/2882\/revisions\/3259"}],"wp:attachment":[{"href":"https:\/\/www.microstore.app\/pt-pt\/wp-json\/wp\/v2\/media?parent=2882"}],"curies":[{"name":"wp","href":"https:\/\/api.w.org\/{rel}","templated":true}]}}